{"id":1689,"date":"2022-11-07T22:43:55","date_gmt":"2022-11-07T22:43:55","guid":{"rendered":"https:\/\/hidk.hr\/?page_id=1689"},"modified":"2023-09-25T16:33:01","modified_gmt":"2023-09-25T16:33:01","slug":"enprconf2023","status":"publish","type":"page","link":"https:\/\/hidk.hr\/en\/enprconf2023\/","title":{"rendered":"The Picturebook Between Fiction and Reality"},"content":{"rendered":"<div class=\"wp-block-columns is-layout-flex wp-container-core-columns-is-layout-9d6595d7 wp-block-columns-is-layout-flex\"><div class=\"wp-block-column is-layout-flow wp-block-column-is-layout-flow\" style=\"flex-basis:50%\"><p><\/p>\n\n<p style=\"font-size:17px\"><strong>The 9th International Conference of The European Network of Picturebook Research<\/strong><\/p>\n\n<p class=\"has-luminous-vivid-orange-color has-text-color\" style=\"font-size:17px\"><strong>28\u201329 September 2023<br>Osijek, Croatia<\/strong><\/p>\n\n<p style=\"font-size:17px\"><strong>Organised by the European Network of Picturebook Research and the Croatian Association of Researchers in Children\u2019s Literature (CARCL)<\/strong><\/p><\/div>\n\n<div class=\"wp-block-column is-vertically-aligned-center is-layout-flow wp-block-column-is-layout-flow\" style=\"flex-basis:50%\"><div class=\"wp-block-image\"><figure class=\"aligncenter size-medium\"><a href=\"https:\/\/hidk.hr\/wp-content\/uploads\/2023\/04\/Lik-s-naslovnice-Enciklopedije-cudovista_copyright-1-scaled.jpg\"><img loading=\"lazy\" decoding=\"async\" width=\"250\" height=\"300\" src=\"https:\/\/hidk.hr\/wp-content\/uploads\/2023\/04\/Lik-s-naslovnice-Enciklopedije-cudovista_copyright-1-250x300.jpg\" alt=\"\" class=\"wp-image-1992\" srcset=\"https:\/\/hidk.hr\/wp-content\/uploads\/2023\/04\/Lik-s-naslovnice-Enciklopedije-cudovista_copyright-1-250x300.jpg 250w, https:\/\/hidk.hr\/wp-content\/uploads\/2023\/04\/Lik-s-naslovnice-Enciklopedije-cudovista_copyright-1-854x1024.jpg 854w, https:\/\/hidk.hr\/wp-content\/uploads\/2023\/04\/Lik-s-naslovnice-Enciklopedije-cudovista_copyright-1-768x921.jpg 768w, https:\/\/hidk.hr\/wp-content\/uploads\/2023\/04\/Lik-s-naslovnice-Enciklopedije-cudovista_copyright-1-1281x1536.jpg 1281w, https:\/\/hidk.hr\/wp-content\/uploads\/2023\/04\/Lik-s-naslovnice-Enciklopedije-cudovista_copyright-1-1708x2048.jpg 1708w, https:\/\/hidk.hr\/wp-content\/uploads\/2023\/04\/Lik-s-naslovnice-Enciklopedije-cudovista_copyright-1-10x12.jpg 10w, https:\/\/hidk.hr\/wp-content\/uploads\/2023\/04\/Lik-s-naslovnice-Enciklopedije-cudovista_copyright-1-600x719.jpg 600w\" sizes=\"auto, (max-width: 250px) 100vw, 250px\" \/><\/a><\/figure><\/div><\/div><\/div><iframe loading=\"lazy\" src=\"https:\/\/www.google.com\/maps\/d\/embed?mid=1O8qF2CDs81lNIfD4G8m2hsnaUo9Bduo&#038;ehbc=2E312F\" width=\"640\" height=\"480\"><\/iframe><p><\/p><div class=\"wp-block-columns is-layout-flex wp-container-core-columns-is-layout-9d6595d7 wp-block-columns-is-layout-flex\"><div class=\"wp-block-column is-layout-flow wp-block-column-is-layout-flow\" style=\"flex-basis:100px\"><ul class=\"wp-block-social-links has-normal-icon-size is-content-justification-left is-layout-flex wp-container-core-social-links-is-layout-fdcfc74e wp-block-social-links-is-layout-flex\"><li class=\"wp-social-link wp-social-link-facebook  wp-block-social-link\"><a href=\"https:\/\/www.facebook.com\/PicturebookConference2023\" class=\"wp-block-social-link-anchor\"><svg width=\"24\" height=\"24\" viewbox=\"0 0 24 24\" version=\"1.1\" xmlns=\"http:\/\/www.w3.org\/2000\/svg\" aria-hidden=\"true\" focusable=\"false\"><path d=\"M12 2C6.5 2 2 6.5 2 12c0 5 3.7 9.1 8.4 9.9v-7H7.9V12h2.5V9.8c0-2.5 1.5-3.9 3.8-3.9 1.1 0 2.2.2 2.2.2v2.5h-1.3c-1.2 0-1.6.8-1.6 1.6V12h2.8l-.4 2.9h-2.3v7C18.3 21.1 22 17 22 12c0-5.5-4.5-10-10-10z\"><\/path><\/svg><span class=\"wp-block-social-link-label screen-reader-text\">Facebook<\/span><\/a><\/li><\/ul><\/div>\n\n<div class=\"wp-block-column is-layout-flow wp-block-column-is-layout-flow\" style=\"flex-basis:100px\"><ul class=\"wp-block-social-links has-normal-icon-size is-content-justification-left is-layout-flex wp-container-core-social-links-is-layout-fdcfc74e wp-block-social-links-is-layout-flex\"><li class=\"wp-social-link wp-social-link-instagram  wp-block-social-link\"><a href=\"https:\/\/www.instagram.com\/conference2023\/\" class=\"wp-block-social-link-anchor\"><svg width=\"24\" height=\"24\" viewbox=\"0 0 24 24\" version=\"1.1\" xmlns=\"http:\/\/www.w3.org\/2000\/svg\" aria-hidden=\"true\" focusable=\"false\"><path d=\"M12,4.622c2.403,0,2.688,0.009,3.637,0.052c0.877,0.04,1.354,0.187,1.671,0.31c0.42,0.163,0.72,0.358,1.035,0.673 c0.315,0.315,0.51,0.615,0.673,1.035c0.123,0.317,0.27,0.794,0.31,1.671c0.043,0.949,0.052,1.234,0.052,3.637 s-0.009,2.688-0.052,3.637c-0.04,0.877-0.187,1.354-0.31,1.671c-0.163,0.42-0.358,0.72-0.673,1.035 c-0.315,0.315-0.615,0.51-1.035,0.673c-0.317,0.123-0.794,0.27-1.671,0.31c-0.949,0.043-1.233,0.052-3.637,0.052 s-2.688-0.009-3.637-0.052c-0.877-0.04-1.354-0.187-1.671-0.31c-0.42-0.163-0.72-0.358-1.035-0.673 c-0.315-0.315-0.51-0.615-0.673-1.035c-0.123-0.317-0.27-0.794-0.31-1.671C4.631,14.688,4.622,14.403,4.622,12 s0.009-2.688,0.052-3.637c0.04-0.877,0.187-1.354,0.31-1.671c0.163-0.42,0.358-0.72,0.673-1.035 c0.315-0.315,0.615-0.51,1.035-0.673c0.317-0.123,0.794-0.27,1.671-0.31C9.312,4.631,9.597,4.622,12,4.622 M12,3 C9.556,3,9.249,3.01,8.289,3.054C7.331,3.098,6.677,3.25,6.105,3.472C5.513,3.702,5.011,4.01,4.511,4.511 c-0.5,0.5-0.808,1.002-1.038,1.594C3.25,6.677,3.098,7.331,3.054,8.289C3.01,9.249,3,9.556,3,12c0,2.444,0.01,2.751,0.054,3.711 c0.044,0.958,0.196,1.612,0.418,2.185c0.23,0.592,0.538,1.094,1.038,1.594c0.5,0.5,1.002,0.808,1.594,1.038 c0.572,0.222,1.227,0.375,2.185,0.418C9.249,20.99,9.556,21,12,21s2.751-0.01,3.711-0.054c0.958-0.044,1.612-0.196,2.185-0.418 c0.592-0.23,1.094-0.538,1.594-1.038c0.5-0.5,0.808-1.002,1.038-1.594c0.222-0.572,0.375-1.227,0.418-2.185 C20.99,14.751,21,14.444,21,12s-0.01-2.751-0.054-3.711c-0.044-0.958-0.196-1.612-0.418-2.185c-0.23-0.592-0.538-1.094-1.038-1.594 c-0.5-0.5-1.002-0.808-1.594-1.038c-0.572-0.222-1.227-0.375-2.185-0.418C14.751,3.01,14.444,3,12,3L12,3z M12,7.378 c-2.552,0-4.622,2.069-4.622,4.622S9.448,16.622,12,16.622s4.622-2.069,4.622-4.622S14.552,7.378,12,7.378z M12,15 c-1.657,0-3-1.343-3-3s1.343-3,3-3s3,1.343,3,3S13.657,15,12,15z M16.804,6.116c-0.596,0-1.08,0.484-1.08,1.08 s0.484,1.08,1.08,1.08c0.596,0,1.08-0.484,1.08-1.08S17.401,6.116,16.804,6.116z\"><\/path><\/svg><span class=\"wp-block-social-link-label screen-reader-text\">Instagram<\/span><\/a><\/li><\/ul><\/div>\n\n<div class=\"wp-block-column is-layout-flow wp-block-column-is-layout-flow\" style=\"flex-basis:100px\"><ul class=\"wp-block-social-links has-normal-icon-size is-content-justification-left is-layout-flex wp-container-core-social-links-is-layout-fdcfc74e wp-block-social-links-is-layout-flex\"><li class=\"wp-social-link wp-social-link-twitter  wp-block-social-link\"><a href=\"https:\/\/twitter.com\/Picturebook2023\" class=\"wp-block-social-link-anchor\"><svg width=\"24\" height=\"24\" viewbox=\"0 0 24 24\" version=\"1.1\" xmlns=\"http:\/\/www.w3.org\/2000\/svg\" aria-hidden=\"true\" focusable=\"false\"><path d=\"M22.23,5.924c-0.736,0.326-1.527,0.547-2.357,0.646c0.847-0.508,1.498-1.312,1.804-2.27 c-0.793,0.47-1.671,0.812-2.606,0.996C18.324,4.498,17.257,4,16.077,4c-2.266,0-4.103,1.837-4.103,4.103 c0,0.322,0.036,0.635,0.106,0.935C8.67,8.867,5.647,7.234,3.623,4.751C3.27,5.357,3.067,6.062,3.067,6.814 c0,1.424,0.724,2.679,1.825,3.415c-0.673-0.021-1.305-0.206-1.859-0.513c0,0.017,0,0.034,0,0.052c0,1.988,1.414,3.647,3.292,4.023 c-0.344,0.094-0.707,0.144-1.081,0.144c-0.264,0-0.521-0.026-0.772-0.074c0.522,1.63,2.038,2.816,3.833,2.85 c-1.404,1.1-3.174,1.756-5.096,1.756c-0.331,0-0.658-0.019-0.979-0.057c1.816,1.164,3.973,1.843,6.29,1.843 c7.547,0,11.675-6.252,11.675-11.675c0-0.178-0.004-0.355-0.012-0.531C20.985,7.47,21.68,6.747,22.23,5.924z\"><\/path><\/svg><span class=\"wp-block-social-link-label screen-reader-text\">Twitter<\/span><\/a><\/li><\/ul><\/div><\/div><p class=\"has-luminous-vivid-orange-color has-text-color\" style=\"font-size:26px\"><strong>NEW: Call for Attendance<\/strong><\/p><p style=\"font-size:16px\"><strong>Please find it <a href=\"https:\/\/hidk.hr\/en\/the-picturebook-between-fiction-and-reality\/\">here<\/a>. <\/strong><\/p><p class=\"has-luminous-vivid-orange-color has-text-color\" style=\"font-size:16px\"><strong>Important links<\/strong><\/p><div class=\"wp-block-group\"><div class=\"wp-block-group__inner-container is-layout-flow wp-block-group-is-layout-flow\"><ul class=\"has-background wp-block-list\" style=\"background-color:#e7e9ed;font-size:16px\"><li><a href=\"https:\/\/hidk.hr\/en\/the-picturebook-between-fiction-and-reality\/\">Call for Attendance<\/a><\/li>\n\n<li><a href=\"https:\/\/hidk.hr\/wp-content\/uploads\/2022\/11\/PicturebookConf2023_Call_For_Papers.pdf\">Call for Papers<\/a><\/li>\n\n<li><a href=\"https:\/\/hidk.hr\/en\/registration-instructions\/\" data-type=\"page\" data-id=\"2039\">Registration<\/a><\/li>\n\n<li><a href=\"https:\/\/hidk.hr\/en\/enprconf2023\/conference-programme\/\">Conference Programme and Timetable<\/a><\/li>\n\n<li><a href=\"https:\/\/hidk.hr\/en\/enprconf2023\/cultural-programme\/\">Cultural Programme (incl. excursion)<\/a> <\/li>\n\n<li><a href=\"https:\/\/hidk.hr\/en\/book-of-abstracts\/\">Book of Abstracts<\/a><\/li><\/ul><\/div><\/div><div class=\"wp-block-columns is-layout-flex wp-container-core-columns-is-layout-9d6595d7 wp-block-columns-is-layout-flex\"><div class=\"wp-block-column is-layout-flow wp-block-column-is-layout-flow\" style=\"flex-basis:100%\"><p class=\"has-background\" style=\"background-color:#e7e9ed;font-size:16px\">Should you have any further inquiries or require additional information, please contact us at: enprconf2023@gmail.com<\/p>\n\n<p style=\"font-size:16px\">The general theme of the conference addresses the complex relationship between fiction and reality as a topic that is highly relevant for the picturebook format. Drawing on Barbara Bader\u2019s famous definition (1976: 1), we may state that the picturebook as an art form hinges on the interdependence of fiction and reality. Our intention is to initiate a discussion of various aspects of this relationship in picturebooks and to explore the status of the picturebook as a kind of artefact in regard to these two realms.<\/p>\n\n<p style=\"font-size:16px\">In picturebooks, this relationship can be observed from different angles, such as semiotic structure, the fiction-nonfiction divide, materiality, metafiction, the reading process, and others. The semiotic structure of the picturebook depends on the ways meanings are conveyed through pictures and words. We may explore which elements of these two media are real (fonts, design, three-dimensionality, covers, etc.), and which of them are purely fictional (characters, settings, actions). Regarding the fiction-nonfiction divide itself, fiction picturebooks often populate their worlds with people, objects or artefacts from the real world. On the other hand, nonfiction picturebooks may include fictional elements, such as fairies alongside chairs in alphabet books. Possible combinations of these elements create specific meanings. Besides, research has shown that the picturebook uses its materiality to convey meanings, which makes it a real object on the threshold of reality and fiction. It would be useful to explore how they coexist, and how the materiality of picturebooks as real-life objects challenges or supports their fictional content. This is only one way in which picturebooks expose their metafictionality, and their customary self-consciousness and frequent self-referentiality make it even more obvious. Finally, the \u201cdrama of the turning of the page\u201d (Bader 1976: 1) puts the reader and the picturebook into a specific relationship to each other. The dialogue between the two picturebook discourses, words and pictures, can only happen in the process of reading. It is thus important to consider how reality and fiction meet in this process.<\/p>\n\n<p style=\"font-size:16px\">We hope that the conference will encourage us to explore how picturebooks raise some of the deepest existential questions through various encounters of fiction and reality, and how they do so in a way that is attainable to every reader, regardless of age. We also wish to better understand the ways in which picturebooks provide both an early aesthetic experience of the world and an important space for unique and differing perspectives throughout a lifetime, especially through their twofold, parallel existence in the domains of the real and the fictional.<\/p><\/div><\/div><p style=\"font-size:16px\"><mark style=\"background-color:rgba(0, 0, 0, 0)\" class=\"has-inline-color has-luminous-vivid-orange-color\"><strong>We invite papers related to the overall theme of the conference. Possible areas of investigation include, but are not restricted to:<\/strong><\/mark><br>\u25aa The picturebook as a format (art form) between fiction and reality<br>\u25aa Materiality of picturebooks: where do fiction and reality meet?<br>\u25aa Visual and verbal intertextuality: referring to fact and referring to fiction<br>\u25aa Visual and verbal (narrative) strategies exposing the fictionality of picturebooks<br>\u25aa Fictional elements in nonfiction picturebooks: real or fictional?<br>\u25aa Factual elements in fictional picturebooks, their importance and their meanings<br>\u25aa Fantastic and realistic fiction vs. reality in picturebooks<br>\u25aa Cultural and historical facts and their impact on content interpretations (also in translation)<br>\u25aa Reading the picturebook as a process of establishing a relationship between fiction and reality<br>\u25aa Kinds of interactivity of picturebooks and the subtle borderline between fiction and reality.<\/p><p class=\"has-luminous-vivid-orange-color has-text-color\" style=\"font-size:16px\"><strong>Submission<\/strong><\/p><p style=\"font-size:16px\">Please send an abstract of 300 words maximum and a short biography of 100 words as two attached Word documents to ENPRconf2023@gmail.com. E-mails should have the subject line: Submission Picturebook Conference 2023.<br><\/p><p class=\"has-luminous-vivid-orange-color has-text-color\" style=\"font-size:16px\"><strong>Abstracts should include the following information:<\/strong><\/p><ol class=\"has-background wp-block-list\" style=\"background-color:#e9edf0;font-size:16px\"><li>Author(s)<\/li>\n\n<li>Affiliation as you would like it to appear in the programme<\/li>\n\n<li>City and country<\/li>\n\n<li>E-mail address<\/li>\n\n<li>Title of proposal<\/li>\n\n<li>Text of proposal<\/li>\n\n<li>Five keywords<\/li>\n\n<li>Selected bibliography with academic sources (3-5 references)<\/li>\n\n<li>Area(s) of investigation (in reference to those suggested above)<\/li><\/ol><p class=\"has-luminous-vivid-orange-color has-text-color\" style=\"font-size:16px\"><strong>Key information<\/strong><\/p><ul class=\"has-background wp-block-list\" style=\"background-color:#e9edf0;font-size:16px\"><li>Submit to ENPRconf2023@gmail.com  <\/li>\n\n<li>All abstracts and papers must be in English<\/li>\n\n<li>All submissions are blind reviewed<\/li>\n\n<li>Up to 40 proposals will be accepted for the conference based on their relevance for the general conference theme, originality and the overall quality of the proposal.<\/li>\n\n<li>Deadline for abstract submission: 15 February 2023<\/li>\n\n<li>Notification of acceptance: 31 March 2023<\/li>\n\n<li>Papers will be 20 minutes maximum followed by a 10-minute discussion.<\/li><\/ul><p class=\"has-luminous-vivid-orange-color has-text-color\" style=\"font-size:16px\"><strong>Important dates \/ Fees<\/strong><\/p><ul class=\"has-background wp-block-list\" style=\"background-color:#e7e9ed;font-size:16px\"><li>Deadline for abstract submission: 15 February 2023<\/li>\n\n<li>Notification of acceptance: 31 March 2023<\/li>\n\n<li>Conference dates: 28-29 September 2023<\/li>\n\n<li>Post-conference excursion: 30 September 2023<\/li><\/ul><ul class=\"has-background wp-block-list\" style=\"background-color:#e7e9ed;font-size:16px\"><li>Regular fee: EUR 130 to be paid by 10 September 2023<\/li>\n\n<li>Online attendance fee: EUR 30 to be paid by 10 September 2023<\/li><\/ul><p class=\"has-luminous-vivid-orange-color has-text-color\" style=\"font-size:16px\"><strong>Information about Osijek<\/strong><\/p><div class=\"wp-block-columns is-layout-flex wp-container-core-columns-is-layout-9d6595d7 wp-block-columns-is-layout-flex\"><div class=\"wp-block-column is-layout-flow wp-block-column-is-layout-flow\" style=\"flex-basis:100%\"><ul class=\"has-background wp-block-list\" style=\"background-color:#e7e9ed;font-size:16px\"><li><a href=\"https:\/\/hidk.hr\/en\/important-information-when-visiting-osijek\/\" data-type=\"page\" data-id=\"2540\">Important information when visiting Osijek<\/a><\/li>\n\n<li><a href=\"https:\/\/hidk.hr\/en\/enprconf2023\/general-information-about-croatia\/\" data-type=\"page\" data-id=\"2142\">General information about Croatia<\/a><\/li>\n\n<li><a href=\"https:\/\/hidk.hr\/en\/enprconf2023\/how-to-reach-osijek\/\" data-type=\"page\" data-id=\"2114\">How to reach Osijek<\/a><\/li>\n\n<li><a href=\"https:\/\/hidk.hr\/en\/the-picturebook-between-fiction-and-reality-3\/\">Suggested accommodation<\/a><\/li>\n\n<li><a href=\"https:\/\/hidk.hr\/en\/the-picturebook-between-fiction-and-reality-2\/\">Places to eat<\/a><\/li>\n\n<li><a href=\"https:\/\/hidk.hr\/en\/enprconf2023\/placestovisitinosijek\/\">Places to visit<\/a><\/li><\/ul><\/div><\/div><p class=\"has-luminous-vivid-orange-color has-text-color\" style=\"font-size:16px\"><strong>Organizing Committee<\/strong><\/p><div class=\"wp-block-columns is-layout-flex wp-container-core-columns-is-layout-9d6595d7 wp-block-columns-is-layout-flex\"><div class=\"wp-block-column is-layout-flow wp-block-column-is-layout-flow\" style=\"flex-basis:100%\"><p class=\"has-background\" style=\"background-color:#e7e9ed;font-size:16px\">Smiljana Naran\u010di\u0107 Kova\u010d (University of Zagreb, Croatia), chair<br>\u017deljka Flegar (University of Osijek, Croatia)<br>Bettina K\u00fcmmerling-Meibauer (University of T\u00fcbingen, Germany)<br>Sanja Lovri\u0107 Kralj (CARCL president, University of Zagreb, Croatia)<br>Ivana Milkovi\u0107 (University of Zagreb, Croatia)<br>Ivana Marini\u0107 (University of Osijek, Croatia)<br>Vedrana \u017divkovi\u0107 Zebec (University of Osijek, Croatia)<br>Nikola Novakovi\u0107 (University of Zagreb, Croatia), secretary<\/p><\/div><\/div><p class=\"has-luminous-vivid-orange-color has-text-color\" style=\"font-size:16px\"><strong>Reading Committee \/ Advisory Board<\/strong><\/p><div class=\"wp-block-columns is-layout-flex wp-container-core-columns-is-layout-9d6595d7 wp-block-columns-is-layout-flex\"><div class=\"wp-block-column is-layout-flow wp-block-column-is-layout-flow\" style=\"flex-basis:100%\"><p class=\"has-background\" style=\"background-color:#e7e9ed;font-size:16px\">Evelyn Arizpe (University of Glasgow, United Kingdom)<br>Ma\u0142gorzata Cackowska (University of Gdansk, Poland)<br>Marnie Campagnaro (University of Padova, Italy)<br>Yael Darr (Tel Aviv University, Israel)<br>Elina Druker (University of Stockholm, Sweden)<br>Nina Goga (Western Norway University of Applied Sciences in Bergen, Norway)<br>Bettina K\u00fcmmerling-Meibauer (University of T\u00fcbingen, Germany)<br>Smiljana Naran\u010di\u0107 Kova\u010d (University of Zagreb, Croatia)<\/p><\/div><\/div><p class=\"has-luminous-vivid-orange-color has-text-color\" style=\"font-size:16px\"><strong>Partners<\/strong><\/p><ul id=\"block-1dd61479-a96a-4f8d-bcd3-ec0779f5f1ca\" class=\"has-background wp-block-list\" style=\"background-color:#e7e9ed;font-size:16px\"><li>Illustrations by: Stanislav Marijanovi\u0107<\/li>\n\n<li>Art exhibition organized by:<a href=\"http:\/\/www.uaos.unios.hr\/eng\/\">&nbsp;Academy of Arts and Culture in Osijek<\/a><\/li>\n\n<li>Conference venues: <a href=\"http:\/\/waldinger.hr\/home\">Hotel Waldinger<\/a>, <a href=\"https:\/\/www.gskos.unios.hr\/\">City and University Library in Osijek<\/a><\/li>\n\n<li>Sponsors: <a href=\"https:\/\/www.biovitalis.hr\/\">Biovitalis<\/a>, <a href=\"https:\/\/www.tzosijek.hr\/\">Tourist Board of the City of Osijek<\/a>, <a href=\"https:\/\/visitslavoniabaranja.com\/en\/\">Tourist Board of Osijek-Baranja County<\/a>, <a href=\"https:\/\/www.slapvoda.hr\/\">Slap<\/a><\/li><\/ul><div class=\"wp-block-columns is-layout-flex wp-container-core-columns-is-layout-9d6595d7 wp-block-columns-is-layout-flex\"><div class=\"wp-block-column has-white-background-color has-background is-layout-flow wp-block-column-is-layout-flow\" style=\"flex-basis:100%\"><p class=\"has-background\" style=\"background-color:#e7e9ed;font-size:16px\">Should you have any further inquiries or require additional information, please contact us at: enprconf2023@gmail.com<\/p><\/div><\/div><figure class=\"wp-block-image size-large\"><a href=\"https:\/\/hidk.hr\/wp-content\/uploads\/2023\/09\/logotipi-svi-1.png\"><img loading=\"lazy\" decoding=\"async\" width=\"1024\" height=\"256\" src=\"https:\/\/hidk.hr\/wp-content\/uploads\/2023\/09\/logotipi-svi-1-1024x256.png\" alt=\"\" class=\"wp-image-2608\" srcset=\"https:\/\/hidk.hr\/wp-content\/uploads\/2023\/09\/logotipi-svi-1-1024x256.png 1024w, https:\/\/hidk.hr\/wp-content\/uploads\/2023\/09\/logotipi-svi-1-300x75.png 300w, https:\/\/hidk.hr\/wp-content\/uploads\/2023\/09\/logotipi-svi-1-768x192.png 768w, https:\/\/hidk.hr\/wp-content\/uploads\/2023\/09\/logotipi-svi-1-1536x384.png 1536w, https:\/\/hidk.hr\/wp-content\/uploads\/2023\/09\/logotipi-svi-1-18x5.png 18w, https:\/\/hidk.hr\/wp-content\/uploads\/2023\/09\/logotipi-svi-1-600x150.png 600w, https:\/\/hidk.hr\/wp-content\/uploads\/2023\/09\/logotipi-svi-1.png 1584w\" sizes=\"auto, (max-width: 1024px) 100vw, 1024px\" \/><\/a><\/figure>","protected":false},"excerpt":{"rendered":"<p>The 9th International Conference of The European Network of Picturebook Research 28\u201329 September 2023Osijek, Croatia Organised by the European Network of Picturebook Research and the Croatian Association of Researchers in Children\u2019s Literature (CARCL) NEW: Call for Attendance Please find it here. Important links Should you have any further inquiries or require additional information, please contact&#8230;<\/p>","protected":false},"author":2,"featured_media":0,"parent":0,"menu_order":0,"comment_status":"closed","ping_status":"closed","template":"templates\/full-width-page.php","meta":{"footnotes":""},"class_list":["post-1689","page","type-page","status-publish","hentry"],"post_mailing_queue_ids":[],"_links":{"self":[{"href":"https:\/\/hidk.hr\/en\/wp-json\/wp\/v2\/pages\/1689","targetHints":{"allow":["GET"]}}],"collection":[{"href":"https:\/\/hidk.hr\/en\/wp-json\/wp\/v2\/pages"}],"about":[{"href":"https:\/\/hidk.hr\/en\/wp-json\/wp\/v2\/types\/page"}],"author":[{"embeddable":true,"href":"https:\/\/hidk.hr\/en\/wp-json\/wp\/v2\/users\/2"}],"replies":[{"embeddable":true,"href":"https:\/\/hidk.hr\/en\/wp-json\/wp\/v2\/comments?post=1689"}],"version-history":[{"count":102,"href":"https:\/\/hidk.hr\/en\/wp-json\/wp\/v2\/pages\/1689\/revisions"}],"predecessor-version":[{"id":2654,"href":"https:\/\/hidk.hr\/en\/wp-json\/wp\/v2\/pages\/1689\/revisions\/2654"}],"wp:attachment":[{"href":"https:\/\/hidk.hr\/en\/wp-json\/wp\/v2\/media?parent=1689"}],"curies":[{"name":"wp","href":"https:\/\/api.w.org\/{rel}","templated":true}]}}