{"id":1944,"date":"2023-03-05T00:00:42","date_gmt":"2023-03-05T00:00:42","guid":{"rendered":"https:\/\/hidk.hr\/?page_id=1944"},"modified":"2024-12-18T02:10:17","modified_gmt":"2024-12-18T02:10:17","slug":"ziskonf","status":"publish","type":"page","link":"https:\/\/hidk.hr\/en\/ziskonf\/","title":{"rendered":"At the Same Table"},"content":{"rendered":"<figure class=\"wp-block-gallery has-nested-images columns-default is-cropped wp-block-gallery-1 is-layout-flex wp-block-gallery-is-layout-flex\"><\/figure><blockquote>\r\n<figure class=\"wp-block-image size-large\"><br \/><a href=\"https:\/\/hidk.hr\/wp-content\/uploads\/2023\/11\/tekst-za-header.jpg\"><img loading=\"lazy\" decoding=\"async\" class=\"aligncenter wp-image-2676\" src=\"https:\/\/hidk.hr\/wp-content\/uploads\/2023\/11\/tekst-za-header-1024x339.jpg\" alt=\"\" width=\"672\" height=\"222\" srcset=\"https:\/\/hidk.hr\/wp-content\/uploads\/2023\/11\/tekst-za-header-1024x339.jpg 1024w, https:\/\/hidk.hr\/wp-content\/uploads\/2023\/11\/tekst-za-header-300x99.jpg 300w, https:\/\/hidk.hr\/wp-content\/uploads\/2023\/11\/tekst-za-header-768x255.jpg 768w, https:\/\/hidk.hr\/wp-content\/uploads\/2023\/11\/tekst-za-header-1536x509.jpg 1536w, https:\/\/hidk.hr\/wp-content\/uploads\/2023\/11\/tekst-za-header-2048x679.jpg 2048w, https:\/\/hidk.hr\/wp-content\/uploads\/2023\/11\/tekst-za-header-18x6.jpg 18w, https:\/\/hidk.hr\/wp-content\/uploads\/2023\/11\/tekst-za-header-600x199.jpg 600w\" sizes=\"auto, (max-width: 672px) 100vw, 672px\" \/><\/a><a href=\"https:\/\/hidk.hr\/wp-content\/uploads\/2023\/11\/Maskota.jpg\"><img loading=\"lazy\" decoding=\"async\" class=\"wp-image-2677 aligncenter\" src=\"https:\/\/hidk.hr\/wp-content\/uploads\/2023\/11\/Maskota-856x1024.jpg\" alt=\"\" width=\"222\" height=\"265\" srcset=\"https:\/\/hidk.hr\/wp-content\/uploads\/2023\/11\/Maskota-856x1024.jpg 856w, https:\/\/hidk.hr\/wp-content\/uploads\/2023\/11\/Maskota-251x300.jpg 251w, https:\/\/hidk.hr\/wp-content\/uploads\/2023\/11\/Maskota-768x918.jpg 768w, https:\/\/hidk.hr\/wp-content\/uploads\/2023\/11\/Maskota-1285x1536.jpg 1285w, https:\/\/hidk.hr\/wp-content\/uploads\/2023\/11\/Maskota-10x12.jpg 10w, https:\/\/hidk.hr\/wp-content\/uploads\/2023\/11\/Maskota-600x717.jpg 600w, https:\/\/hidk.hr\/wp-content\/uploads\/2023\/11\/Maskota.jpg 1614w\" sizes=\"auto, (max-width: 222px) 100vw, 222px\" \/><\/a><\/figure>\r\n<\/blockquote>\r\n<h1><strong>The venue<\/strong><\/h1>\r\n<p>The conference is hosted by the Faculty of Humanities and Social Sciences, Ivana Lu\u010di\u0107a 3, Zagreb.<\/p>\r\n<p><a href=\"https:\/\/www.google.com\/maps\/place\/Filozofski+fakultet+u+Zagrebu\/@45.7965718,15.9668947,17z\/data=!3m1!4b1!4m6!3m5!1s0x4765d6f4dbbd66ab:0xb6bf4496866df97d!8m2!3d45.7965719!4d15.9717656!16s%2Fm%2F04glr7k?hl=hr-HR&amp;entry=ttu\" target=\"_blank\" rel=\"noopener\"><img loading=\"lazy\" decoding=\"async\" class=\"alignleft wp-image-2679\" src=\"https:\/\/hidk.hr\/wp-content\/uploads\/2023\/11\/slika-karte.png\" alt=\"\" width=\"385\" height=\"286\" srcset=\"https:\/\/hidk.hr\/wp-content\/uploads\/2023\/11\/slika-karte.png 687w, https:\/\/hidk.hr\/wp-content\/uploads\/2023\/11\/slika-karte-300x223.png 300w, https:\/\/hidk.hr\/wp-content\/uploads\/2023\/11\/slika-karte-16x12.png 16w, https:\/\/hidk.hr\/wp-content\/uploads\/2023\/11\/slika-karte-600x445.png 600w\" sizes=\"auto, (max-width: 385px) 100vw, 385px\" \/><\/a><\/p>\r\n<p><strong>Walking<\/strong><\/p>\r\n<p>The Faculty building is located c. 30 minutes on foot from the main square (Trg bana Josipa Jela\u010di\u0107a) and c. 15 minutes on foot from the Main Railway Station (Glavni kolodvor). For detailed directions, use the map below.<\/p>\r\n<p><strong>Tram lines<\/strong><\/p>\r\n<p>The Faculty building is also accessible via tram lines 3, 5 and 13.\u00a0<br \/>Travelling in either direction, get off at the Sveu\u010dili\u0161na aleja station and walk south down Ivana Lu\u010di\u0107a Street. Please note, Line 3 does not operate on weekends. Tram tickets are sold by tram drivers and newsagents. Validating machines are located at the front and back of each car.<\/p>\r\n<p><strong>Taxi services<\/strong><\/p>\r\n<p>There are three taxi companies in Zagreb. Using taxi services in downtown Zagreb is relatively inexpensive. Airport fares differ between the companies.<br \/>Taxi Cammeo: call 1212<br \/>Radio Taxi Zagreb: call 1717<br \/>Eko Taxi: call 1414<br \/>Uber and Bolt are also available and usually more affordable.<\/p>\r\n<p style=\"text-align: right;\"><strong>Nearby restaurants, caf\u00e9s, bakeries and shops\u00a0 \u00a0 \u00a0 \u00a0 \u00a0 \u00a0 \u00a0 \u00a0 \u00a0 \u00a0 \u00a0 \u00a0 \u00a0 \u00a0 \u00a0 \u00a0 \u00a0 \u00a0 \u00a0 \u00a0 \u00a0 \u00a0 \u00a0 \u00a0 \u00a0 \u00a0 \u00a0 \u00a0 \u00a0 \u00a0 \u00a0 \u00a0 \u00a0 \u00a0 \u00a0 \u00a0 \u00a0 \u00a0 \u00a0 \u00a0 \u00a0 \u00a0 \u00a0Conference dinner will be held on Thursday, 23 November at Tajer Restaurant\u00a0<\/strong><\/p>\r\n<p style=\"text-align: right;\">For more information, use the map below:\u00a0 \u00a0 \u00a0 \u00a0 \u00a0 \u00a0 \u00a0 \u00a0 \u00a0 \u00a0 \u00a0 \u00a0 \u00a0 \u00a0 \u00a0 \u00a0 \u00a0 \u00a0 \u00a0 \u00a0 \u00a0 \u00a0 \u00a0 \u00a0 \u00a0 \u00a0 \u00a0 \u00a0 \u00a0 \u00a0 \u00a0 \u00a0 \u00a0 \u00a0 \u00a0 \u00a0 Ul. kralja Zvonimira 117 \/ King Zvonimir Street 117<\/p>\r\n<p><a href=\"https:\/\/www.google.com\/maps\/place\/Ul.+kralja+Zvonimira+117,+10000,+Zagreb,+Hrvatska\/@45.8147372,15.9981815,15.02z\/data=!4m6!3m5!1s0x4765d7b40d025e29:0xadb8f94ed55b3d97!8m2!3d45.8142275!4d16.0064483!16s%2Fg%2F11j7kq23lb?hl=hr-HR&amp;entry=ttu\"> <img loading=\"lazy\" decoding=\"async\" class=\"wp-image-2684 alignright\" style=\"color: #0000ee;\" src=\"https:\/\/hidk.hr\/wp-content\/uploads\/2023\/11\/Zvonimirova-117.png\" alt=\"\" width=\"445\" height=\"404\" srcset=\"https:\/\/hidk.hr\/wp-content\/uploads\/2023\/11\/Zvonimirova-117.png 557w, https:\/\/hidk.hr\/wp-content\/uploads\/2023\/11\/Zvonimirova-117-300x272.png 300w, https:\/\/hidk.hr\/wp-content\/uploads\/2023\/11\/Zvonimirova-117-13x12.png 13w\" sizes=\"auto, (max-width: 445px) 100vw, 445px\" \/><\/a><\/p>\r\n<p><a href=\"https:\/\/www.google.com\/maps\/d\/u\/0\/embed?mid=16ueQzE7dJ4XZBwc3PEG7khvwck0ddCA&amp;ehbc=2E312&amp;ll=45.79915494118617%2C15.970090133155965&amp;z=16\" target=\"_blank\" rel=\"noopener\"><img loading=\"lazy\" decoding=\"async\" class=\"alignleft wp-image-2682\" src=\"https:\/\/hidk.hr\/wp-content\/uploads\/2023\/11\/lokacija-s-oznakama_slika.png\" alt=\"\" width=\"486\" height=\"403\" srcset=\"https:\/\/hidk.hr\/wp-content\/uploads\/2023\/11\/lokacija-s-oznakama_slika.png 555w, https:\/\/hidk.hr\/wp-content\/uploads\/2023\/11\/lokacija-s-oznakama_slika-300x249.png 300w, https:\/\/hidk.hr\/wp-content\/uploads\/2023\/11\/lokacija-s-oznakama_slika-14x12.png 14w\" sizes=\"auto, (max-width: 486px) 100vw, 486px\" \/><\/a>\u00a0 \u00a0 \u00a0\u00a0<\/p>\r\n<p>&nbsp;<\/p>\r\n<p>&nbsp;<\/p>\r\n<p>&nbsp;<\/p>\r\n<p>&nbsp;<\/p>\r\n<p>&nbsp;<\/p>\r\n<p>&nbsp;<\/p>\r\n<p>&nbsp;<\/p>\r\n<p>&nbsp;<\/p>\r\n<p>&nbsp;<\/p>\r\n<h1>Conference Programme<\/h1>\r\n<p><img loading=\"lazy\" decoding=\"async\" class=\"alignleft wp-image-2695\" src=\"https:\/\/hidk.hr\/wp-content\/uploads\/2023\/11\/Timetable_slika-za-web-724x1024.png\" alt=\"\" width=\"258\" height=\"365\" srcset=\"https:\/\/hidk.hr\/wp-content\/uploads\/2023\/11\/Timetable_slika-za-web-724x1024.png 724w, https:\/\/hidk.hr\/wp-content\/uploads\/2023\/11\/Timetable_slika-za-web-212x300.png 212w, https:\/\/hidk.hr\/wp-content\/uploads\/2023\/11\/Timetable_slika-za-web-768x1086.png 768w, https:\/\/hidk.hr\/wp-content\/uploads\/2023\/11\/Timetable_slika-za-web-1086x1536.png 1086w, https:\/\/hidk.hr\/wp-content\/uploads\/2023\/11\/Timetable_slika-za-web-1448x2048.png 1448w, https:\/\/hidk.hr\/wp-content\/uploads\/2023\/11\/Timetable_slika-za-web-8x12.png 8w, https:\/\/hidk.hr\/wp-content\/uploads\/2023\/11\/Timetable_slika-za-web-600x849.png 600w, https:\/\/hidk.hr\/wp-content\/uploads\/2023\/11\/Timetable_slika-za-web.png 1587w\" sizes=\"auto, (max-width: 258px) 100vw, 258px\" \/>\u00a0 \u00a0 \u00a0 \u00a0 \u00a0 \u00a0 \u00a0 \u00a0 \u00a0 \u00a0 \u00a0 \u00a0 \u00a0 \u00a0 \u00a0 \u00a0 \u00a0 \u00a0 \u00a0 \u00a0 \u00a0 \u00a0 \u00a0 \u00a0 \u00a0 \u00a0 \u00a0 \u00a0 \u00a0 \u00a0 \u00a0 \u00a0\u00a0<img loading=\"lazy\" decoding=\"async\" class=\"alignleft wp-image-2696\" src=\"https:\/\/hidk.hr\/wp-content\/uploads\/2023\/11\/Book-of-Abstracts_slika-za-web-724x1024.png\" alt=\"\" width=\"258\" height=\"365\" srcset=\"https:\/\/hidk.hr\/wp-content\/uploads\/2023\/11\/Book-of-Abstracts_slika-za-web-724x1024.png 724w, https:\/\/hidk.hr\/wp-content\/uploads\/2023\/11\/Book-of-Abstracts_slika-za-web-212x300.png 212w, https:\/\/hidk.hr\/wp-content\/uploads\/2023\/11\/Book-of-Abstracts_slika-za-web-768x1086.png 768w, https:\/\/hidk.hr\/wp-content\/uploads\/2023\/11\/Book-of-Abstracts_slika-za-web-1086x1536.png 1086w, https:\/\/hidk.hr\/wp-content\/uploads\/2023\/11\/Book-of-Abstracts_slika-za-web-1448x2048.png 1448w, https:\/\/hidk.hr\/wp-content\/uploads\/2023\/11\/Book-of-Abstracts_slika-za-web-8x12.png 8w, https:\/\/hidk.hr\/wp-content\/uploads\/2023\/11\/Book-of-Abstracts_slika-za-web-600x849.png 600w, https:\/\/hidk.hr\/wp-content\/uploads\/2023\/11\/Book-of-Abstracts_slika-za-web.png 1587w\" sizes=\"auto, (max-width: 258px) 100vw, 258px\" \/><\/p>\r\n<p>&nbsp;<\/p>\r\n<p>&nbsp;<\/p>\r\n<p>&nbsp;<\/p>\r\n<p>&nbsp;<\/p>\r\n<p>&nbsp;<\/p>\r\n<p>&nbsp;<\/p>\r\n<p>&nbsp;<\/p>\r\n<p>&nbsp;<\/p>\r\n<h1>Cultural Programme<\/h1>\r\n<h3>At the Conference venue (The Faculty of Humanities and Social Sciences, Ivana Lu\u010di\u0107a 3, Zagreb)<\/h3>\r\n<p><a href=\"https:\/\/hidk.hr\/wp-content\/uploads\/2023\/11\/plakat2.png\"><img loading=\"lazy\" decoding=\"async\" class=\"wp-image-2700 alignleft\" src=\"https:\/\/hidk.hr\/wp-content\/uploads\/2023\/11\/plakat2-1024x512.png\" alt=\"\" width=\"540\" height=\"270\" srcset=\"https:\/\/hidk.hr\/wp-content\/uploads\/2023\/11\/plakat2-1024x512.png 1024w, https:\/\/hidk.hr\/wp-content\/uploads\/2023\/11\/plakat2-300x150.png 300w, https:\/\/hidk.hr\/wp-content\/uploads\/2023\/11\/plakat2-768x384.png 768w, https:\/\/hidk.hr\/wp-content\/uploads\/2023\/11\/plakat2-1536x768.png 1536w, https:\/\/hidk.hr\/wp-content\/uploads\/2023\/11\/plakat2-2048x1024.png 2048w, https:\/\/hidk.hr\/wp-content\/uploads\/2023\/11\/plakat2-18x9.png 18w, https:\/\/hidk.hr\/wp-content\/uploads\/2023\/11\/plakat2-600x300.png 600w\" sizes=\"auto, (max-width: 540px) 100vw, 540px\" \/><\/a><\/p>\r\n<p><a href=\"https:\/\/hidk.hr\/wp-content\/uploads\/2023\/11\/Exhibition.jpg\"><img loading=\"lazy\" decoding=\"async\" class=\"wp-image-2701 alignright\" src=\"https:\/\/hidk.hr\/wp-content\/uploads\/2023\/11\/Exhibition-1024x653.jpg\" alt=\"\" width=\"435\" height=\"278\" srcset=\"https:\/\/hidk.hr\/wp-content\/uploads\/2023\/11\/Exhibition-1024x653.jpg 1024w, https:\/\/hidk.hr\/wp-content\/uploads\/2023\/11\/Exhibition-300x191.jpg 300w, https:\/\/hidk.hr\/wp-content\/uploads\/2023\/11\/Exhibition-768x490.jpg 768w, https:\/\/hidk.hr\/wp-content\/uploads\/2023\/11\/Exhibition-18x12.jpg 18w, https:\/\/hidk.hr\/wp-content\/uploads\/2023\/11\/Exhibition-600x382.jpg 600w, https:\/\/hidk.hr\/wp-content\/uploads\/2023\/11\/Exhibition.jpg 1037w\" sizes=\"auto, (max-width: 435px) 100vw, 435px\" \/><\/a><\/p>\r\n<p>&nbsp;<\/p>\r\n<p>&nbsp;<\/p>\r\n<p>&nbsp;<\/p>\r\n<p>&nbsp;<\/p>\r\n<p>&nbsp;<\/p>\r\n<p>&nbsp;<\/p>\r\n<p>\u00a0 The exhibition was prepared by <strong>Berislav Majhut<\/strong> and <strong>Dubravka Te\u017eak<\/strong>\u00a0 \u00a0 \u00a0 \u00a0 \u00a0 \u00a0 \u00a0 \u00a0 \u00a0 \u00a0 \u00a0 \u00a0 \u00a0 \u00a0 \u00a0The exhibition was prepared by <strong>Marijana Hamer\u0161ak<\/strong> and <strong>Petra Po\u017egaj<\/strong><br \/>Graphic design and print by Alfa d.d.\u00a0 \u00a0 \u00a0 \u00a0 \u00a0 \u00a0 \u00a0 \u00a0 \u00a0 \u00a0 \u00a0 \u00a0 \u00a0 \u00a0 \u00a0 \u00a0 \u00a0 \u00a0 \u00a0 \u00a0 \u00a0 \u00a0 \u00a0 \u00a0 \u00a0 \u00a0 \u00a0 \u00a0 \u00a0 \u00a0 \u00a0 \u00a0 \u00a0 \u00a0 \u00a0 \u00a0 \u00a0 \u00a0 \u00a0 \u00a0 \u00a0 \u00a0 \u00a0 \u00a0 \u00a0 \u00a0In cooperation with the Croatian Center for Children&#8217;s Literature, <br \/>\u00a0 \u00a0 \u00a0 \u00a0 \u00a0 \u00a0 \u00a0 \u00a0 \u00a0 \u00a0 \u00a0 \u00a0 \u00a0 \u00a0 \u00a0 \u00a0 \u00a0 \u00a0 \u00a0 \u00a0 \u00a0 \u00a0 \u00a0 \u00a0 \u00a0 \u00a0 \u00a0 \u00a0 \u00a0 \u00a0 \u00a0 \u00a0 \u00a0 \u00a0 \u00a0 \u00a0 \u00a0 \u00a0 \u00a0 \u00a0 \u00a0 \u00a0 \u00a0 \u00a0 \u00a0 \u00a0 \u00a0 \u00a0 \u00a0 \u00a0 \u00a0 \u00a0 \u00a0 \u00a0 \u00a0 \u00a0 \u00a0 \u00a0 \u00a0 \u00a0 \u00a0 \u00a0 \u00a0 \u00a0 \u00a0 \u00a0 \u00a0 \u00a0 \u00a0 \u00a0 \u00a0 \u00a0 \u00a0 \u00a0 \u00a0 \u00a0 \u00a0 \u00a0 Zagreb City Libraries<\/p>\r\n<h3>At the Croatian School Museum (Hebrangova 5, Zagreb)<\/h3>\r\n<p><a href=\"https:\/\/hidk.hr\/wp-content\/uploads\/2023\/11\/Bosilje-i-Smilje-1.jpg\"><img loading=\"lazy\" decoding=\"async\" class=\"size-large wp-image-2707 alignleft\" src=\"https:\/\/hidk.hr\/wp-content\/uploads\/2023\/11\/Bosilje-i-Smilje-1-1024x414.jpg\" alt=\"\" width=\"720\" height=\"291\" srcset=\"https:\/\/hidk.hr\/wp-content\/uploads\/2023\/11\/Bosilje-i-Smilje-1-1024x414.jpg 1024w, https:\/\/hidk.hr\/wp-content\/uploads\/2023\/11\/Bosilje-i-Smilje-1-300x121.jpg 300w, https:\/\/hidk.hr\/wp-content\/uploads\/2023\/11\/Bosilje-i-Smilje-1-768x310.jpg 768w, https:\/\/hidk.hr\/wp-content\/uploads\/2023\/11\/Bosilje-i-Smilje-1-18x7.jpg 18w, https:\/\/hidk.hr\/wp-content\/uploads\/2023\/11\/Bosilje-i-Smilje-1-600x243.jpg 600w, https:\/\/hidk.hr\/wp-content\/uploads\/2023\/11\/Bosilje-i-Smilje-1.jpg 1237w\" sizes=\"auto, (max-width: 720px) 100vw, 720px\" \/><\/a><\/p>\r\n<p>The exhibiotion <em>Ivy and Immortelle &#8211; beautiful plants: with the 150th anniversary of two Croatian children&#8217;s magazines\u00a0<\/em>was prepared by <strong>\u0160tefka Batini\u0107<\/strong> and <strong>Frano Dulibi\u0107<\/strong>.\u00a0<\/p>\r\n<p>It presents two Croatian children&#8217;s magazines launched in 1873. Both are the result of teachers&#8217; activities in the second half of the 19th century, which also included involvement in creating appropriate texts for children. The exhibition depicts the contribution of these magazines to children&#8217;s literature, describes the context of their launch and illustrate their role from the perspectives of the school and everyday life of lower grades pupils. It also brings an overview of the exceptional artistic and graphic dimension which was fostered in both magazines engaging some of the most prominent illustrators like Clement Crn\u010di\u0107, Andrija Maurovi\u0107, Julije Meissner, Vilko Gliha Selan and others.<\/p>\r\n<p>&nbsp;<\/p>\r\n<p>&nbsp;<\/p>\r\n<p>&nbsp;<\/p>\r\n<p><a href=\"https:\/\/hidk.hr\/en\/ziskonf\/registration-guidelines\/\"><img loading=\"lazy\" decoding=\"async\" class=\"aligncenter  wp-image-2376\" src=\"https:\/\/hidk.hr\/wp-content\/uploads\/2023\/06\/registracija-300x55.png\" alt=\"\" width=\"349\" height=\"64\" srcset=\"https:\/\/hidk.hr\/wp-content\/uploads\/2023\/06\/registracija-300x55.png 300w, https:\/\/hidk.hr\/wp-content\/uploads\/2023\/06\/registracija-768x140.png 768w, https:\/\/hidk.hr\/wp-content\/uploads\/2023\/06\/registracija-18x3.png 18w, https:\/\/hidk.hr\/wp-content\/uploads\/2023\/06\/registracija-600x109.png 600w, https:\/\/hidk.hr\/wp-content\/uploads\/2023\/06\/registracija.png 932w\" sizes=\"auto, (max-width: 349px) 100vw, 349px\" \/><\/a><\/p>\r\n<p style=\"text-align: center;\"><strong>Keynote speakers:<\/strong><\/p>\r\n<p style=\"text-align: center;\"><strong>Matthew O. Grenby<br \/><\/strong>Newcastle University, United Kingdom of Great Britain and Northern Ireland<\/p>\r\n<p style=\"text-align: center;\"><strong>Tijana Tropin<br \/><\/strong>Institute for Literature and Arts in Belgrade, Republic of Serbia<\/p>\r\n<p style=\"text-align: center;\"><strong>Peter Svetina<br \/><\/strong>Institute of Slavic Studies at the University of Klagenfurt, Republic of Austria<\/p>\r\n<p><a href=\"https:\/\/hidk.hr\/wp-content\/uploads\/2023\/03\/Prvi-poziv_FIN-3.pdf\" rel=\"https:\/\/hidk.hr\/wp-content\/uploads\/2023\/03\/Prvi-poziv_FIN-3.pdf\"><img loading=\"lazy\" decoding=\"async\" class=\"aligncenter wp-image-1966 size-large\" src=\"https:\/\/hidk.hr\/wp-content\/uploads\/2023\/03\/Gumb_prvi-poziv-1-1024x104.jpg\" alt=\"\" width=\"720\" height=\"73\" srcset=\"https:\/\/hidk.hr\/wp-content\/uploads\/2023\/03\/Gumb_prvi-poziv-1-1024x104.jpg 1024w, https:\/\/hidk.hr\/wp-content\/uploads\/2023\/03\/Gumb_prvi-poziv-1-300x30.jpg 300w, https:\/\/hidk.hr\/wp-content\/uploads\/2023\/03\/Gumb_prvi-poziv-1-768x78.jpg 768w, https:\/\/hidk.hr\/wp-content\/uploads\/2023\/03\/Gumb_prvi-poziv-1-18x2.jpg 18w, https:\/\/hidk.hr\/wp-content\/uploads\/2023\/03\/Gumb_prvi-poziv-1-600x61.jpg 600w, https:\/\/hidk.hr\/wp-content\/uploads\/2023\/03\/Gumb_prvi-poziv-1.jpg 1117w\" sizes=\"auto, (max-width: 720px) 100vw, 720px\" \/><\/a><\/p>\r\n<p>&nbsp;<\/p>\r\n<p><strong>At the Same Table: The Position and Status of Research in Children&#8217;s Literature and Culture<\/strong><\/p>\r\n<p>The striking metaphor of &#8220;the children&#8217;s table&#8221; is aptly employed by Anna Mae Duane (2013) with the aim of illustrating the position of childhood studies in the humanities: the guests at the children\u2019s table know they occupy a marginal space, placed out of earshot of the juiciest adult conversations and denied an opportunity to take an active and valued part in adult discussions. Is that really (still) the case and what does research in children\u2019s literature and culture have to offer to the humanities \u2013 these are the main questions posed by this conference.<\/p>\r\n<p>It was only at the beginning of the 20<sup>th<\/sup> century that children\u2019s literature was acknowledged as the object of study in a separate field, but discussions of its existence continued for decades. The condescension towards children\u2019s literature and the denial of its existence typically stem from the perspective of immanent literary criticism, which begrudges children\u2019s literature its simplicity and its frequently (overly) pronounced utilitarian function. It is as if the study of \u201csimple texts\u201d has resulted in \u201csimple scholarship\u201d.<\/p>\r\n<p>Children\u2019s literature is produced, distributed, purchased, and researched by adults. And all of them strive to gain an insight into that unique children\u2019s world to which they used to belong and which, once abandoned, survives solely as a series of subjective flashbacks. Yet, as children\u2019s literature is informed by broader cultural conceptions of the child and childhood, researchers must pay equal attention to the artistic autonomy of authorial visions and the cultural and social conditions in which children\u2019s literature is produced. It is, therefore, not surprising that, in addition to its implicit readers, children\u2019s literature often attracts adult readers, to whom it brings a unique pleasure. Given all of the above, researchers dealing with children\u2019s literature are faced with some important questions: What is the relationship between research in children\u2019s and non\u2011children\u2019s literature and culture? What are some of the methodological specificities of research in children\u2019s literature?<\/p>\r\n<p>Even though discussions of the existence of children\u2019s literature are rare nowadays, the borders of children\u2019s literature appear more blurred than ever, and its functionality is gaining importance once again. In a context characterised by the influence of new electronic media, changing economic and social conditions, a transformation of children\u2019s everyday life, different reading habits and heterogenous modes of literacy, children\u2019s literature is undergoing an inevitable change, which calls for an elaboration of an adequate scholarly approach under the changed contemporary circumstances.<\/p>\r\n<p>The conference subtopics include but are not limited to the following:<\/p>\r\n<ul>\r\n<li>The position of research in children\u2019s literature in the humanities. Children\u2019s literature and culture, childhood studies<\/li>\r\n<li>Is there a history of children\u2019s literature? Can we speak of the theory or theories of children\u2019s literature? What is their relationship with other cultural and literary theories?<\/li>\r\n<li>The relationship between the utilitarian and the artistic in children\u2019s literature (educational aims, emotional development, developmental support, inclusion, ecology, etc.)<\/li>\r\n<li>Children\u2019s literature and adult literature (specific characteristics of children\u2019s literature, overlaps between children\u2019s and adult literature, children\u2019s literature and trivial literature, the relationship between the history of literature and the history of children\u2019s literature)<\/li>\r\n<li>Media and the poetics of children\u2019s literature (intermediality and transmediality of children\u2019s literature)<\/li>\r\n<li>Children\u2019s literature and social control (the role of ideology in children\u2019s literature, the issue of censorship, the literary canon)<\/li>\r\n<li>Children\u2019s literature and the social and cultural context (the relationship between children\u2019s literature and popular culture, children&#8217;s literature and the everyday, the economic aspects of children\u2019s literature)<\/li>\r\n<\/ul>\r\n<p><strong>Application <\/strong><\/p>\r\n<p>We invite you to submit 250\u2011word presentation abstracts and up to 5 keywords via the official conference email: <a href=\"mailto:ziskonf.hidk@gmail.com\">ziskonf.hidk@gmail.com<\/a>. <br \/>The abstract submission deadline is <strong>15 May 2023<\/strong>. The authors will be informed of the outcome of their submissions by 15 June 2023.<\/p>\r\n<p><strong>Conference fees<\/strong><\/p>\r\n<table>\r\n<tbody>\r\n<tr>\r\n<td width=\"201\">\r\n<p><strong>\u00a0<\/strong><\/p>\r\n<\/td>\r\n<td width=\"200\">\r\n<p><strong>Early bird fee <\/strong><\/p>\r\n<p><strong>(until 15 July 2023)<\/strong><\/p>\r\n<\/td>\r\n<td width=\"200\">\r\n<p><strong>Late fee<\/strong><\/p>\r\n<p><strong>(from 15 July 2023)<\/strong><\/p>\r\n<\/td>\r\n<\/tr>\r\n<tr>\r\n<td width=\"201\">\r\n<p><strong>Conference fee<\/strong><\/p>\r\n<\/td>\r\n<td width=\"200\">\r\n<p>EUR 50<\/p>\r\n<\/td>\r\n<td width=\"200\">\r\n<p>EUR 70<\/p>\r\n<\/td>\r\n<\/tr>\r\n<tr>\r\n<td width=\"201\">\r\n<p><strong>Conference dinner (optional)<\/strong><\/p>\r\n<\/td>\r\n<td width=\"200\">\r\n<p>EUR 30<\/p>\r\n<\/td>\r\n<td width=\"200\">\r\n<p>EUR 30<\/p>\r\n<\/td>\r\n<\/tr>\r\n<\/tbody>\r\n<\/table>\r\n<p><strong>Organising committee:<\/strong><\/p>\r\n<p>Sanja Lovri\u0107 Kralj, chair, Croatian Association of Researchers in Children\u2019s Literature<\/p>\r\n<p>Marijana Hamer\u0161ak, Institute of Ethnology and Folklore Research, Zagreb<\/p>\r\n<p>Katarina Ivon, Department of Teacher and Preschool Teacher Education at the University of Zadar<\/p>\r\n<p>Ivana Milkovi\u0107, Centre for Research in Children&#8217;s Literature and Culture, Faculty of Teacher Education at the University of Zagreb<\/p>\r\n<p>Lana Molvarec, Faculty of Humanities and Social Sciences at the University of Zagreb<\/p>\r\n<p>Petra Po\u017egaj, Faculty of Humanities and Social Sciences at the University of Zagreb<\/p>\r\n<p>Vladimira Rezo, Faculty of Croatian Studies at the University of Zagreb<\/p>\r\n<p>Dubravka Zima, Faculty of Croatian Studies at the University of Zagreb<\/p>","protected":false},"excerpt":{"rendered":"","protected":false},"author":2,"featured_media":0,"parent":0,"menu_order":0,"comment_status":"closed","ping_status":"closed","template":"templates\/full-width-page.php","meta":{"footnotes":""},"class_list":["post-1944","page","type-page","status-publish","hentry"],"post_mailing_queue_ids":[],"_links":{"self":[{"href":"https:\/\/hidk.hr\/en\/wp-json\/wp\/v2\/pages\/1944","targetHints":{"allow":["GET"]}}],"collection":[{"href":"https:\/\/hidk.hr\/en\/wp-json\/wp\/v2\/pages"}],"about":[{"href":"https:\/\/hidk.hr\/en\/wp-json\/wp\/v2\/types\/page"}],"author":[{"embeddable":true,"href":"https:\/\/hidk.hr\/en\/wp-json\/wp\/v2\/users\/2"}],"replies":[{"embeddable":true,"href":"https:\/\/hidk.hr\/en\/wp-json\/wp\/v2\/comments?post=1944"}],"version-history":[{"count":40,"href":"https:\/\/hidk.hr\/en\/wp-json\/wp\/v2\/pages\/1944\/revisions"}],"predecessor-version":[{"id":2931,"href":"https:\/\/hidk.hr\/en\/wp-json\/wp\/v2\/pages\/1944\/revisions\/2931"}],"wp:attachment":[{"href":"https:\/\/hidk.hr\/en\/wp-json\/wp\/v2\/media?parent=1944"}],"curies":[{"name":"wp","href":"https:\/\/api.w.org\/{rel}","templated":true}]}}