{"id":2017,"date":"2023-04-05T07:37:00","date_gmt":"2023-04-05T07:37:00","guid":{"rendered":"https:\/\/hidk.hr\/?page_id=2017"},"modified":"2023-04-12T14:31:15","modified_gmt":"2023-04-12T14:31:15","slug":"the-picturebook-between-fiction-and-reality-2","status":"publish","type":"page","link":"https:\/\/hidk.hr\/en\/enprconf2023\/the-picturebook-between-fiction-and-reality-2\/","title":{"rendered":"The Picturebook Between Fiction and Reality"},"content":{"rendered":"<div class=\"wp-block-columns is-layout-flex wp-container-core-columns-is-layout-9d6595d7 wp-block-columns-is-layout-flex\"><div class=\"wp-block-column is-layout-flow wp-block-column-is-layout-flow\"><p><\/p>\n\n<p style=\"font-size:17px\"><strong>The 9th International Conference of The European Network of Picturebook Research<\/strong><\/p>\n\n<p class=\"has-luminous-vivid-orange-color has-text-color\" style=\"font-size:17px\"><strong>28\u201329 September 2023<br>Osijek, Croatia<\/strong><\/p>\n\n<p style=\"font-size:17px\"><strong>Organised by the European Network of Picturebook Research and the Croatian Association of Researchers in Children\u2019s Literature (CARCL)<\/strong><\/p><\/div>\n\n<div class=\"wp-block-column is-layout-flow wp-block-column-is-layout-flow\"><div class=\"wp-block-image\"><figure class=\"alignright size-large is-resized\"><a href=\"https:\/\/hidk.hr\/wp-content\/uploads\/2023\/04\/osijek-667212_1920.jpg\"><img loading=\"lazy\" decoding=\"async\" src=\"https:\/\/hidk.hr\/wp-content\/uploads\/2023\/04\/osijek-667212_1920-1024x768.jpg\" alt=\"\" class=\"wp-image-2019\" width=\"351\" height=\"263\" srcset=\"https:\/\/hidk.hr\/wp-content\/uploads\/2023\/04\/osijek-667212_1920-1024x768.jpg 1024w, https:\/\/hidk.hr\/wp-content\/uploads\/2023\/04\/osijek-667212_1920-300x225.jpg 300w, https:\/\/hidk.hr\/wp-content\/uploads\/2023\/04\/osijek-667212_1920-768x576.jpg 768w, https:\/\/hidk.hr\/wp-content\/uploads\/2023\/04\/osijek-667212_1920-1536x1152.jpg 1536w, https:\/\/hidk.hr\/wp-content\/uploads\/2023\/04\/osijek-667212_1920-16x12.jpg 16w, https:\/\/hidk.hr\/wp-content\/uploads\/2023\/04\/osijek-667212_1920-600x450.jpg 600w, https:\/\/hidk.hr\/wp-content\/uploads\/2023\/04\/osijek-667212_1920.jpg 1920w\" sizes=\"auto, (max-width: 351px) 100vw, 351px\" \/><\/a><\/figure><\/div><\/div><\/div><p style=\"font-size:28px\"><strong>Places to eat<\/strong><\/p><p>Source: <a href=\"https:\/\/www.tzosijek.hr\/index.php\">Tourist Board of the City of Osijek<\/a><\/p><p>Below you will find information on places to eat in Osijek. For full information, please use the website of the Tourist Board of the City of Osijek, linked above.<\/p><p><strong><u>LOCAL CUISINE<\/u><\/strong><\/p><p>Local cuisine is a mix of historical cultural influences in Slavonia and Baranja and customs that have been brought by people who moved from the other parts of Croatia, from the Adriatic coast, from Zagorje and Me\u0111imurje regions or from the country of Bosnia and Herzegovina. On the menu you will find dishes that will remind you of the old Austro-Hungarian era, but also on the fact that the city is located at the transition from Central to Eastern Europe with a strong Hungarian, Slavic, Germanic and even the Oriental (Ottoman \u2013 Turkish) influence. Please follow <a href=\"https:\/\/www.tzosijek.hr\/local-cuisine-883\">this link<\/a> for more information.<\/p><p><strong><u>RESTAURANTS AND BEER TAVERNS<\/u><\/strong><\/p><p>Slavonia and Baranja and especially East region on the banks of the Drava and the Danube are known as a gastronomic destination for many domestic and foreign tourists. Citizens of Osijek equally like to visit local restaurants to honour themselves with the dishes that are less frequently prepared at home. These are primarily traditional dishes such as venison roasts and roasted premium fresh water fish or dishes from a kettle, fi\u0161 paprika\u0161 (fish stew), \u010dobanac and perkelt (both variations of goulash). In addition, restaurants in Osijek will often offer you with international cuisine as well as excellent dishes with signature of chefs in restaurants of high-class hotels. Please follow <a href=\"https:\/\/www.tzosijek.hr\/restaurants-and-beer-taverns-884\">this link<\/a> for more information.<\/p><p><strong><u>COFFEE &amp; CAKES<\/u><\/strong><\/p><p>Cakes and cookies that you will find in Osijek pastry shops and some cafes are often inspired by tradition with the addition of creativity of the bakers and in the larger bakeries you can look for excellent pastries. Some of the very popular cakes are Schwartzwald and Sacher cake and in many small family pastry shops we recommend you try the &#8220;typical Croatian&#8221; krem\u0161nita (Cremeschnitte, puff pastry base and custard cream) and \u0161ampita (whipped meringue dessert), baklava and various fruit cakes which are often rich in a cream of walnuts with homemade taste, just like it was when our mothers or grandmothers made it. Please follow <a href=\"https:\/\/www.tzosijek.hr\/coffee-i-cakes-885\">this link<\/a> for more information.<\/p><p><strong><u>BARS &amp; PUBS<\/u><\/strong><\/p><p>The most popular places in town where you can enjoy a beer, coffee, juices, cocktails and other refreshing alcoholic and non-alcoholic beverages are along the Drava Promenade, in the Winter port, near the main square, near the Ljudevit Gaj Square in the Upper Town, the old town Tvr\u0111a and in the Ban Josip Jela\u010di\u0107 Square in the Lower Town. Please follow <a href=\"https:\/\/www.tzosijek.hr\/bars-i-pubs-886\">this link<\/a> for more information.<\/p><p><strong><u>WINE AND BEER TASTING<\/u><\/strong><\/p><p>From all sides the city of Osijek is surrounded by vast vineyards on the Danube river and on the slopes of Papuk mountain, where some of the most famous, largest and oldest (13th, 15th and 16th century) Croatian and even regional wineries produce their golden wine drops. But on the other hand, there are only two wine tasting bars in Osijek. The reason for this is the proximity of vintners and their wine cellars. Please follow <a href=\"https:\/\/www.tzosijek.hr\/wine-and-beer-tasting-888\">this link<\/a> for more information.<\/p>","protected":false},"excerpt":{"rendered":"<p>The 9th International Conference of The European Network of Picturebook Research 28\u201329 September 2023Osijek, Croatia Organised by the European Network of Picturebook Research and the Croatian Association of Researchers in Children\u2019s Literature (CARCL) Places to eat Source: Tourist Board of the City of Osijek Below you will find information on places to eat in Osijek&#8230;.<\/p>","protected":false},"author":2,"featured_media":0,"parent":1689,"menu_order":0,"comment_status":"closed","ping_status":"closed","template":"templates\/full-width-page.php","meta":{"footnotes":""},"class_list":["post-2017","page","type-page","status-publish","hentry"],"post_mailing_queue_ids":[],"_links":{"self":[{"href":"https:\/\/hidk.hr\/en\/wp-json\/wp\/v2\/pages\/2017","targetHints":{"allow":["GET"]}}],"collection":[{"href":"https:\/\/hidk.hr\/en\/wp-json\/wp\/v2\/pages"}],"about":[{"href":"https:\/\/hidk.hr\/en\/wp-json\/wp\/v2\/types\/page"}],"author":[{"embeddable":true,"href":"https:\/\/hidk.hr\/en\/wp-json\/wp\/v2\/users\/2"}],"replies":[{"embeddable":true,"href":"https:\/\/hidk.hr\/en\/wp-json\/wp\/v2\/comments?post=2017"}],"version-history":[{"count":5,"href":"https:\/\/hidk.hr\/en\/wp-json\/wp\/v2\/pages\/2017\/revisions"}],"predecessor-version":[{"id":2113,"href":"https:\/\/hidk.hr\/en\/wp-json\/wp\/v2\/pages\/2017\/revisions\/2113"}],"up":[{"embeddable":true,"href":"https:\/\/hidk.hr\/en\/wp-json\/wp\/v2\/pages\/1689"}],"wp:attachment":[{"href":"https:\/\/hidk.hr\/en\/wp-json\/wp\/v2\/media?parent=2017"}],"curies":[{"name":"wp","href":"https:\/\/api.w.org\/{rel}","templated":true}]}}