{"id":2114,"date":"2023-04-12T14:33:49","date_gmt":"2023-04-12T14:33:49","guid":{"rendered":"https:\/\/hidk.hr\/?page_id=2114"},"modified":"2023-09-04T09:09:23","modified_gmt":"2023-09-04T09:09:23","slug":"how-to-reach-osijek","status":"publish","type":"page","link":"https:\/\/hidk.hr\/en\/enprconf2023\/how-to-reach-osijek\/","title":{"rendered":"The Picturebook Between Fiction and Reality"},"content":{"rendered":"<div class=\"wp-block-columns is-layout-flex wp-container-core-columns-is-layout-9d6595d7 wp-block-columns-is-layout-flex\"><div class=\"wp-block-column is-layout-flow wp-block-column-is-layout-flow\" style=\"flex-basis:50%\"><p><\/p>\n\n<p style=\"font-size:17px\"><strong>The 9th International Conference of The European Network of Picturebook Research<\/strong><\/p>\n\n<p class=\"has-luminous-vivid-orange-color has-text-color\" style=\"font-size:17px\"><strong>28\u201329 September 2023\nOsijek, Croatia<\/strong><\/p>\n\n<p style=\"font-size:17px\"><strong>Organised by the European Network of Picturebook Research and the Croatian Association of Researchers in Children\u2019s Literature (CARCL)<\/strong><\/p><\/div>\n\n<div class=\"wp-block-column is-layout-flow wp-block-column-is-layout-flow\" style=\"flex-basis:50%\"><div class=\"wp-block-image\"><figure class=\"alignright size-large is-resized\"><a href=\"https:\/\/hidk.hr\/wp-content\/uploads\/2023\/04\/osijek-667212_1920.jpg\"><img loading=\"lazy\" decoding=\"async\" src=\"https:\/\/hidk.hr\/wp-content\/uploads\/2023\/04\/osijek-667212_1920-1024x768.jpg\" alt=\"\" class=\"wp-image-2019\" style=\"width:330px;height:247px\" width=\"330\" height=\"247\" srcset=\"https:\/\/hidk.hr\/wp-content\/uploads\/2023\/04\/osijek-667212_1920-1024x768.jpg 1024w, https:\/\/hidk.hr\/wp-content\/uploads\/2023\/04\/osijek-667212_1920-300x225.jpg 300w, https:\/\/hidk.hr\/wp-content\/uploads\/2023\/04\/osijek-667212_1920-768x576.jpg 768w, https:\/\/hidk.hr\/wp-content\/uploads\/2023\/04\/osijek-667212_1920-1536x1152.jpg 1536w, https:\/\/hidk.hr\/wp-content\/uploads\/2023\/04\/osijek-667212_1920-16x12.jpg 16w, https:\/\/hidk.hr\/wp-content\/uploads\/2023\/04\/osijek-667212_1920-600x450.jpg 600w, https:\/\/hidk.hr\/wp-content\/uploads\/2023\/04\/osijek-667212_1920.jpg 1920w\" sizes=\"auto, (max-width: 330px) 100vw, 330px\" \/><\/a><\/figure><\/div><\/div><\/div><p style=\"font-size:28px\"><strong>How to reach Osijek<\/strong><\/p><div class=\"wp-block-group\" style=\"font-size:16px\"><div class=\"wp-block-group__inner-container is-layout-flow wp-block-group-is-layout-flow\"><p>Source: <a href=\"https:\/\/www.tzosijek.hr\/index.php\">Tourist Board of the City of Osijek<\/a><\/p>\n<p>Here you can find information on how to get to Osijek, find out which railway, bus, and air routes lead to Osijek, and how to move around the city using public transport. For more detailed information, please follow <a href=\"https:\/\/www.tzosijek.hr\/dolazak-i-kretanje-osijekom-66\">this link<\/a>.<\/p>\n<p><strong><u>ARRIVAL<\/u><\/strong><\/p>\n<p>Osijek is located at the crossroads between central and south-eastern Europe, halfway between the capital cities of Croatia, Serbia, Hungary, and Bosnia and Herzegovina. By car, it takes about 2.5 hours from Zagreb, Belgrade, and Budapest to Osijek, and about 4 hours from Sarajevo. The distance from the border with Hungary is 50 km, from Serbia 35 km, and from Bosnia and Herzegovina 100 km.<\/p>\n<p>Osijek is connected to Zagreb and other major cities in Croatia by direct railway lines and frequent bus routes (see below). Public transport to the capital cities of neighbouring countries requires a transfer.<\/p>\n<p>Domestic air routes connect Osijek with Zagreb, Rijeka, Split, and Dubrovnik, while international departure airports are Stuttgart (DE), K\u00f6ln\/Bonn (DE), and Basel (CH)\/Mulhouse (FRA)\/Freiburg (DE). Osijek is also relatively easily accessible from airports in Zagreb (HR), Budapest (HU), Belgrade (SRB), and Tuzla (BiH).<\/p>\n<p><strong><u>BY PLANE<\/u><\/strong><\/p>\n<p>Airport Osijek is located along the state road D2, direction Osijek &#8211; Vukovar, in the Klisa village, 15 km from the city center. Here you can find information about the timetable.<\/p>\n<p>Direct flights to the Osijek airport are possible on certain days from the following cities: Zagreb, Rijeka, Split, Dubrovnik, Milano, M\u00fcnchen, London. Please see more <a href=\"https:\/\/osijek-airport.hr\/en\/passenger-information\/flight-schedule\/\">here<\/a>.<\/p>\n<p><strong>Arrival to the city from the airport:<\/strong><\/p>\n<p>Transport from the airport to the railway station is organized 15 to 20 minutes after the passengers leave the plane. For transport it is mandatory to make a reservation 24 hours in advance. Reservation is possible each working day from Monday to Friday from 7am to 3pm using the phone number +385 (0) 31 514 400 or via e-mail: <a href=\"mailto:info@osijek-airport.hr\">info@osijek-airport.hr<\/a>.<\/p>\n<p><strong>Arrival to the airport from the city:<\/strong><\/p>\n<p>Transport of passengers from the railway station to the airport is organized 1.5 hours prior to the departure of the airplane. For transport it is mandatory to make a reservation 24 hours before the flight every day from Monday to Friday from 7am to 3pm using the phone number +385 (0) 31 514 400 or via the e-mail address <a href=\"mailto:info@osijek-airport.hr\">info@osijek-airport.hr<\/a>.<\/p>\n<p><strong><u>BY CAR<\/u><\/strong><\/p>\n<p>From the west, use the A3-A5 highways (Ljubljana, SLO &#8211; Zagreb &#8211; Slavonski Brod &#8211; \u0110akovo &#8211; Osijek). From the west and east, use the D2 state road (Graz, A &#8211; Maribor, SLO &#8211; Vara\u017edin &#8211; Koprivnica &#8211; Virovitica &#8211; Na\u0161ice &#8211; Osijek &#8211; Vukovar &#8211; Ilok &#8211; Novi Sad, SRB &#8211; Belgrade, SRB). From the south and north, use the D7 state road or A5 highway (Bosanski \u0160amac, BiH &#8211; Slavonski \u0160amac &#8211; \u0110akovo &#8211; Osijek &#8211; Beli Manastir &#8211; Pe\u010duh, HU &#8211; Budapest, HU).<\/p>\n<p><strong><u>BY TRAIN <\/u><\/strong><\/p>\n<p>Passenger rail transport in the Republic of Croatia is provided by the company H\u017d &#8211; Putni\u010dki prijevoz d.o.o. (Croatian Railways). You can travel directly by train to Osijek from the cities of Zagreb, Split, and Pula. Information on the timetable can be found on the Croatian Railways website <a href=\"http:\/\/www.hzpp.hr\">www.hzpp.hr<\/a> or the Hungarian Railways website <a href=\"http:\/\/www.mavcsoport.hu\/en\">www.mavcsoport.hu\/en<\/a>.<\/p>\n<p><strong><u>BY BUS<\/u><\/strong><\/p>\n<p>There are several bus companies providing passenger transportation to Osijek, as well as to major cities in other parts of Croatia, such as Flix Bus and Arriva Express.<\/p>\n<p><strong>International lines directly to the bus station Osijek:<\/strong><\/p>\n<p>Switzerland: Zurich, Lugano, Lucerne, Basel, St. Gallen<\/p>\n<p>Germany: Frankfurt, Dortmund, Koln, Ulm, Stuttgart, Essen, Mannheim, Freiburg, Karlsruhe, Pforzheim, M\u00fcnchen, for example: Ulm &#8211; Stuttgart &#8211; M\u00fcnchen &#8211; (driving through Austria &#8211; Slovenia &#8211; Croatia) &#8211; Osijek<\/p>\n<p>Slovenia: Maribor &#8211; Ptuj &#8211; (Vara\u017edin &#8211; Koprivnica &#8211; Virovitica &#8211; Slatina) \u2013 Osijek<\/p>\n<p>Bosnia and Herzegovina: Sarajevo \u2013 Visoko &#8211; Kladanj \u2013 Zenica \u2013 Ora\u0161je \u2013 Osijek<\/p>\n<p>Hungary: Budapest railway station Kelenf\u00f6ld, Budapest central bus station N\u00e9pliget, Budapest airport Ferihegy.<\/p>\n<p><strong><u>PUBLIC TRANSPORT AND MOVING AROUND THE CITY<\/u><\/strong><\/p>\n<p><strong>TRAMS AND BUSES<\/strong><\/p>\n<p>The easiest way to get around the city is by public transport, tram and bus transport company GPP &#8211; Gradski prijevoz putnika Ltd. You can buy the tickets in each tram or bus, as well as in the newsstands and the GPP shops in Remiza (tram shed) and under the main square.<\/p>\n<p>Information about the timetable can be found here: <a href=\"https:\/\/web.gpp-osijek.com\/polasci-2\/\">Departures from the bus and tram terminals<\/a><\/p>\n<p>Information about the tram and bus lines can be found here: <a href=\"https:\/\/web.gpp-osijek.com\/POLASCI\/LINIJE\/LINIJE.pdf\">Map of tram and bus lines in Osijek<\/a><\/p>\n<p>The ticket, which is valid for 1 h in all directions, costs \u20ac1.46 and you can buy it from the driver. You can also buy a daily ticket for \u20ac4.65 in the public transport company (GPP) costumer centre in the shopping mall under the main square. If you plan to stay more than 2 to 3 days, it is advisable to buy a \u201cprepaid\u201d card. You can buy the card at any newsstand \u201cTisak\u201d or in the costumer centre. For each card you must pay a deposit of \u20ac2.65 which you can get back if you return the card and then put as much money on it as you might need for your rides. In this case each ride costs \u20ac1.06. When you enter the tram or bus you must validate it at the validating machine at the driver\u2019s side and when you exit the vehicle, otherwise you will be charged extra.<\/p>\n<p><strong><u>KOMPA (FERRY)<\/u><\/strong><\/p>\n<p>One of the most popular ways to cross the river Drava from the Upper Town to the Tvr\u0111avica village and the zoo is by the ferry Kompa. In September and October, Kompa runs every day from 9am to 8pm. It departs from Osijek (from the restaurant Kompa) as well as from Tvr\u0111avica (from the Zoo) every 40 minutes. The ride is free of charge.<\/p>\n<p><strong><u>TAXI<\/u><\/strong><\/p>\n<p>The usual price for the taxi ride from point to point in the city varies per person\/ride (not depending on the number of persons driving together). Passenger transport by taxi is possible on call or at some of the starting points in several places in the city: in front of the railway station, in front of the bus station, near the Croatian National Theatre building, and in front of the University of J. J. Strossmayer rectorate building Tvr\u0111a.<\/p>\n<p>Taxi services in Osijek:<\/p>\n<ul>\n<li>Taxi Cammeo, +385 (0) 31 205 205<\/li>\n<li>Taxi Matrix, +385 (0) 95 888 30 72<\/li>\n<li>Taxi Vip, +385 (0) 99 800 800 8<\/li>\n<li>Hallo Taxi, 0800 8333<\/li>\n<li>Student Taxi, +385 (0) 31 200 100<\/li>\n<li>Sixt rent-a-car, +385 (0) 91 6199 918<\/li>\n<li>Taxi Munja, +385 (0) 99 682 11 82<\/li>\n<li>Taxi sunce, +385 (0) 95 777 22 22<\/li>\n<li>Bolt offers car rides and on-demand electric scooters. For more information, see\u00a0<a href=\"https:\/\/bolt.eu\/en-hr\/cities\/osijek\/\" target=\"_blank\" rel=\"noopener\" data-saferedirecturl=\"https:\/\/www.google.com\/url?q=https:\/\/bolt.eu\/en-hr\/cities\/osijek\/&amp;source=gmail&amp;ust=1693747875271000&amp;usg=AOvVaw1TdHyDcka7yKSKdXyAeDSX\">here.<\/a><\/li>\n<\/ul>\n<p><strong><u>RENT-A-CAR<\/u><\/strong><\/p>\n<p>Companies that offer rent-a-car service are:<\/p>\n<ul>\n<li>Antari Rent-a-Car, Ulica (street) Adama Reisnera 30, +385 (0) 92 181 28 69<\/li>\n<li>HM Rent-a-Car, \u0160etali\u0161te (promenade) kardinala Franje \u0160epera 8c, +385 (0) 98 867 840<\/li>\n<li>Uni Car, Ulica (street) Adama Reisnera 70, +385 (0) 31 205 058<\/li>\n<li>Nippon Rent-a-Car, Ulica (street) Sv. Leopolda Bogdana Mandi\u0107a bb, +385 (0) 31 298 444<\/li>\n<li>Vozi Rent-a-Car, Ulica (street) Martina Divalta 82, +385 (0) 99 442 13 33<\/li>\n<li>Sixt rent-a-car, +385 (0) 91 6199 918<\/li>\n<li>Intel Rent-a-Car, Ulica (street) Sv. Leopolda Bogdana Mandi\u0107a 22, Mobile phone: +385 (0) 99 210 25 81, Phone: +385 (0) 31 223 407<\/li>\n<\/ul><\/div><\/div><p><strong>RENT-A-BIKE<\/strong><\/p><p>Source: <a href=\"https:\/\/www.tzosijek.hr\/index.php\">Tourist Board of the City of Osijek<\/a><\/p><p>Here you can find information on how to get to Osijek, find out which railway, bus, and air routes lead to Osijek, and how to move around the city using public transport. For more detailed information, please follow <a href=\"https:\/\/www.tzosijek.hr\/dolazak-i-kretanje-osijekom-66\">this link<\/a>.<\/p><p><strong><u>ARRIVAL<\/u><\/strong><\/p><p>Osijek is located at the crossroads between central and south-eastern Europe, halfway between the capital cities of Croatia, Serbia, Hungary, and Bosnia and Herzegovina. By car, it takes about 2.5 hours from Zagreb, Belgrade, and Budapest to Osijek, and about 4 hours from Sarajevo. The distance from the border with Hungary is 50 km, from Serbia 35 km, and from Bosnia and Herzegovina 100 km.<\/p><p>Osijek is connected to Zagreb and other major cities in Croatia by direct railway lines and frequent bus routes (see below). Public transport to the capital cities of neighbouring countries requires a transfer.<\/p><p>Domestic air routes connect Osijek with Zagreb, Rijeka, Split, and Dubrovnik, while international departure airports are Stuttgart (DE), K\u00f6ln\/Bonn (DE), and Basel (CH)\/Mulhouse (FRA)\/Freiburg (DE). Osijek is also relatively easily accessible from airports in Zagreb (HR), Budapest (HU), Belgrade (SRB), and Tuzla (BiH).<\/p><p><strong><u>BY PLANE<\/u><\/strong><\/p><p>Airport Osijek is located along the state road D2, direction Osijek &#8211; Vukovar, in the Klisa village, 15 km from the city center. Here you can find information about the timetable.<\/p><p>Direct flights to the Osijek airport are possible on certain days from the following cities: Zagreb, Rijeka, Split, Dubrovnik, Milano, M\u00fcnchen, London. Please see more <a href=\"https:\/\/osijek-airport.hr\/en\/passenger-information\/flight-schedule\/\">here<\/a>.<\/p><p><strong>Arrival to the city from the airport:<\/strong><\/p><p>Transport from the airport to the railway station is organized 15 to 20 minutes after the passengers leave the plane. For transport it is mandatory to make a reservation 24 hours in advance. Reservation is possible each working day from Monday to Friday from 7am to 3pm using the phone number +385 (0) 31 514 400 or via e-mail: <a href=\"mailto:info@osijek-airport.hr\">info@osijek-airport.hr<\/a>.<\/p><p><strong>Arrival to the airport from the city:<\/strong><\/p><p>Transport of passengers from the railway station to the airport is organized 1.5 hours prior to the departure of the airplane. For transport it is mandatory to make a reservation 24 hours before the flight every day from Monday to Friday from 7am to 3pm using the phone number +385 (0) 31 514 400 or via the e-mail address <a href=\"mailto:info@osijek-airport.hr\">info@osijek-airport.hr<\/a>.<\/p><p><strong><u>BY CAR<\/u><\/strong><\/p><p>From the west, use the A3-A5 highways (Ljubljana, SLO &#8211; Zagreb &#8211; Slavonski Brod &#8211; \u0110akovo &#8211; Osijek). From the west and east, use the D2 state road (Graz, A &#8211; Maribor, SLO &#8211; Vara\u017edin &#8211; Koprivnica &#8211; Virovitica &#8211; Na\u0161ice &#8211; Osijek &#8211; Vukovar &#8211; Ilok &#8211; Novi Sad, SRB &#8211; Belgrade, SRB). From the south and north, use the D7 state road or A5 highway (Bosanski \u0160amac, BiH &#8211; Slavonski \u0160amac &#8211; \u0110akovo &#8211; Osijek &#8211; Beli Manastir &#8211; Pe\u010duh, HU &#8211; Budapest, HU).<\/p><p><strong><u>BY TRAIN<\/u><\/strong><\/p><p>Passenger rail transport in the Republic of Croatia is provided by the company H\u017d &#8211; Putni\u010dki prijevoz d.o.o. (Croatian Railways). You can travel directly by train to Osijek from the cities of Zagreb, Split, and Pula. Information on the timetable can be found on the Croatian Railways website <a href=\"http:\/\/www.hzpp.hr\">www.hzpp.hr<\/a> or the Hungarian Railways website <a href=\"http:\/\/www.mavcsoport.hu\/en\">www.mavcsoport.hu\/en<\/a>.<\/p><p><strong><u>BY BUS<\/u><\/strong><\/p><p>There are several bus companies providing passenger transportation to Osijek, as well as to major cities in other parts of Croatia, such as Flix Bus and Arriva Express.<\/p><p><strong>International lines directly to the bus station Osijek:<\/strong><\/p><p>Switzerland: Zurich, Lugano, Lucerne, Basel, St. Gallen<\/p><p>Germany: Frankfurt, Dortmund, Koln, Ulm, Stuttgart, Essen, Mannheim, Freiburg, Karlsruhe, Pforzheim, M\u00fcnchen, for example: Ulm &#8211; Stuttgart &#8211; M\u00fcnchen &#8211; (driving through Austria &#8211; Slovenia &#8211; Croatia) &#8211; Osijek<\/p><p>Slovenia: Maribor &#8211; Ptuj &#8211; (Vara\u017edin &#8211; Koprivnica &#8211; Virovitica &#8211; Slatina) \u2013 Osijek<\/p><p>Bosnia and Herzegovina: Sarajevo \u2013 Visoko &#8211; Kladanj \u2013 Zenica \u2013 Ora\u0161je \u2013 Osijek<\/p><p>Hungary: Budapest railway station Kelenf\u00f6ld, Budapest central bus station N\u00e9pliget, Budapest airport Ferihegy.<\/p><p><strong><u>PUBLIC TRANSPORT AND MOVING AROUND THE CITY<\/u><\/strong><\/p><p><strong>TRAMS AND BUSES<\/strong><\/p><p>The easiest way to get around the city is by public transport, tram and bus transport company GPP &#8211; Gradski prijevoz putnika Ltd. You can buy the tickets in each tram or bus, as well as in the newsstands and the GPP shops in Remiza (tram shed) and under the main square.<\/p><p>Information about the timetable can be found here: <a href=\"https:\/\/web.gpp-osijek.com\/polasci-2\/\">Departures from the bus and tram terminals<\/a><\/p><p>Information about the tram and bus lines can be found here: <a href=\"https:\/\/web.gpp-osijek.com\/POLASCI\/LINIJE\/LINIJE.pdf\">Map of tram and bus lines in Osijek<\/a><\/p><p>The ticket, which is valid for 1 h in all directions, costs \u20ac1.46 and you can buy it from the driver. You can also buy a daily ticket for \u20ac4.65 in the public transport company (GPP) costumer centre in the shopping mall under the main square. If you plan to stay more than 2 to 3 days, it is advisable to buy a \u201cprepaid\u201d card. You can buy the card at any newsstand \u201cTisak\u201d or in the costumer centre. For each card you must pay a deposit of \u20ac2.65 which you can get back if you return the card and then put as much money on it as you might need for your rides. In this case each ride costs \u20ac1.06. When you enter the tram or bus you must validate it at the validating machine at the driver\u2019s side and when you exit the vehicle, otherwise you will be charged extra.<\/p><p><strong><u>KOMPA (FERRY)<\/u><\/strong><\/p><p>One of the most popular ways to cross the river Drava from the Upper Town to the Tvr\u0111avica village and the zoo is by the ferry Kompa. In September and October, Kompa runs every day from 9am to 8pm. It departs from Osijek (from the restaurant Kompa) as well as from Tvr\u0111avica (from the Zoo) every 40 minutes. The ride is free of charge.<\/p><p><strong><u>TAXI<\/u><\/strong><\/p><p>The usual price for the taxi ride from point to point in the city varies per person\/ride (not depending on the number of persons driving together). Passenger transport by taxi is possible on call or at some of the starting points in several places in the city: in front of the railway station, in front of the bus station, near the Croatian National Theatre building, and in front of the University of J. J. Strossmayer rectorate building Tvr\u0111a.<\/p><p>Taxi services in Osijek:<\/p><ul class=\"wp-block-list\"><li>Taxi Cammeo, +385 (0) 31 205 205<\/li>\n\n<li>Taxi Matrix, +385 (0) 95 888 30 72<\/li>\n\n<li>Taxi Vip, +385 (0) 99 800 800 8<\/li>\n\n<li>Hallo Taxi, 0800 8333<\/li>\n\n<li>Student Taxi, +385 (0) 31 200 100<\/li>\n\n<li>Sixt rent-a-car, +385 (0) 91 6199 918<\/li>\n\n<li>Taxi Munja, +385 (0) 99 682 11 82<\/li>\n\n<li>Taxi sunce, +385 (0) 95 777 22 22<\/li>\n\n<li>Bolt offers car rides and on-demand electric scooters. For more information, see&nbsp;<a href=\"https:\/\/bolt.eu\/en-hr\/cities\/osijek\/\" target=\"_blank\" rel=\"noreferrer noopener\">here.<\/a><\/li><\/ul><p><strong><u>RENT-A-CAR<\/u><\/strong><\/p><p>Companies that offer rent-a-car service are:<\/p><ul class=\"wp-block-list\"><li>Antari Rent-a-Car, Ulica (street) Adama Reisnera 30, +385 (0) 92 181 28 69<\/li>\n\n<li>HM Rent-a-Car, \u0160etali\u0161te (promenade) kardinala Franje \u0160epera 8c, +385 (0) 98 867 840<\/li>\n\n<li>Uni Car, Ulica (street) Adama Reisnera 70, +385 (0) 31 205 058<\/li>\n\n<li>Nippon Rent-a-Car, Ulica (street) Sv. Leopolda Bogdana Mandi\u0107a bb, +385 (0) 31 298 444<\/li>\n\n<li>Vozi Rent-a-Car, Ulica (street) Martina Divalta 82, +385 (0) 99 442 13 33<\/li>\n\n<li>Sixt rent-a-car, +385 (0) 91 6199 918<\/li>\n\n<li>Intel Rent-a-Car, Ulica (street) Sv. Leopolda Bogdana Mandi\u0107a 22, Mobile phone: +385 (0) 99 210 25 81, Phone: +385 (0) 31 223 407<\/li><\/ul><p><strong><span style=\"text-decoration: underline;\"><u>RENT-A-<\/u>BIKE<\/span><\/strong><\/p><p>Osijek also has a public bike sharing system. For more information and payment options, see\u00a0<a rel=\"noreferrer noopener\" href=\"https:\/\/www.nextbike.hr\/en\/zagreb\/information\/\" target=\"_blank\">here<\/a>.<\/p>","protected":false},"excerpt":{"rendered":"<p>The 9th International Conference of The European Network of Picturebook Research 28\u201329 September 2023 Osijek, Croatia Organised by the European Network of Picturebook Research and the Croatian Association of Researchers in Children\u2019s Literature (CARCL) How to reach Osijek Source: Tourist Board of the City of Osijek Here you can find information on how to get&#8230;<\/p>","protected":false},"author":2,"featured_media":0,"parent":1689,"menu_order":0,"comment_status":"closed","ping_status":"closed","template":"templates\/full-width-page.php","meta":{"footnotes":""},"class_list":["post-2114","page","type-page","status-publish","hentry"],"post_mailing_queue_ids":[],"_links":{"self":[{"href":"https:\/\/hidk.hr\/en\/wp-json\/wp\/v2\/pages\/2114","targetHints":{"allow":["GET"]}}],"collection":[{"href":"https:\/\/hidk.hr\/en\/wp-json\/wp\/v2\/pages"}],"about":[{"href":"https:\/\/hidk.hr\/en\/wp-json\/wp\/v2\/types\/page"}],"author":[{"embeddable":true,"href":"https:\/\/hidk.hr\/en\/wp-json\/wp\/v2\/users\/2"}],"replies":[{"embeddable":true,"href":"https:\/\/hidk.hr\/en\/wp-json\/wp\/v2\/comments?post=2114"}],"version-history":[{"count":7,"href":"https:\/\/hidk.hr\/en\/wp-json\/wp\/v2\/pages\/2114\/revisions"}],"predecessor-version":[{"id":2559,"href":"https:\/\/hidk.hr\/en\/wp-json\/wp\/v2\/pages\/2114\/revisions\/2559"}],"up":[{"embeddable":true,"href":"https:\/\/hidk.hr\/en\/wp-json\/wp\/v2\/pages\/1689"}],"wp:attachment":[{"href":"https:\/\/hidk.hr\/en\/wp-json\/wp\/v2\/media?parent=2114"}],"curies":[{"name":"wp","href":"https:\/\/api.w.org\/{rel}","templated":true}]}}