{"id":2125,"date":"2023-04-12T14:49:32","date_gmt":"2023-04-12T14:49:32","guid":{"rendered":"https:\/\/hidk.hr\/?page_id=2125"},"modified":"2023-04-12T14:50:07","modified_gmt":"2023-04-12T14:50:07","slug":"information-for-bank-transfer-payment","status":"publish","type":"page","link":"https:\/\/hidk.hr\/en\/enprconf2023\/information-for-bank-transfer-payment\/","title":{"rendered":"Information for bank transfer payment"},"content":{"rendered":"<p style=\"font-size:16px\">Pay to: Hrvatska udruga istra\u017eiva\u010da dje\u010dje knji\u017eevnosti, Savska cesta 77, 10 000 Zagreb<br>IBAN: HR6023600001102154030<br>SWIFT CODE: ZABAHR2X<br>Purpose: Your Name, Picturebook Conference 2023<\/p>","protected":false},"excerpt":{"rendered":"<p>Pay to: Hrvatska udruga istra\u017eiva\u010da dje\u010dje knji\u017eevnosti, Savska cesta 77, 10 000 ZagrebIBAN: HR6023600001102154030SWIFT CODE: ZABAHR2XPurpose: Your Name, Picturebook Conference 2023<\/p>","protected":false},"author":2,"featured_media":0,"parent":1689,"menu_order":0,"comment_status":"closed","ping_status":"closed","template":"templates\/full-width-page.php","meta":{"footnotes":""},"class_list":["post-2125","page","type-page","status-publish","hentry"],"post_mailing_queue_ids":[],"_links":{"self":[{"href":"https:\/\/hidk.hr\/en\/wp-json\/wp\/v2\/pages\/2125","targetHints":{"allow":["GET"]}}],"collection":[{"href":"https:\/\/hidk.hr\/en\/wp-json\/wp\/v2\/pages"}],"about":[{"href":"https:\/\/hidk.hr\/en\/wp-json\/wp\/v2\/types\/page"}],"author":[{"embeddable":true,"href":"https:\/\/hidk.hr\/en\/wp-json\/wp\/v2\/users\/2"}],"replies":[{"embeddable":true,"href":"https:\/\/hidk.hr\/en\/wp-json\/wp\/v2\/comments?post=2125"}],"version-history":[{"count":2,"href":"https:\/\/hidk.hr\/en\/wp-json\/wp\/v2\/pages\/2125\/revisions"}],"predecessor-version":[{"id":2127,"href":"https:\/\/hidk.hr\/en\/wp-json\/wp\/v2\/pages\/2125\/revisions\/2127"}],"up":[{"embeddable":true,"href":"https:\/\/hidk.hr\/en\/wp-json\/wp\/v2\/pages\/1689"}],"wp:attachment":[{"href":"https:\/\/hidk.hr\/en\/wp-json\/wp\/v2\/media?parent=2125"}],"curies":[{"name":"wp","href":"https:\/\/api.w.org\/{rel}","templated":true}]}}