{"id":2332,"date":"2023-06-14T12:55:20","date_gmt":"2023-06-14T12:55:20","guid":{"rendered":"https:\/\/hidk.hr\/?page_id=2332"},"modified":"2023-07-09T12:39:16","modified_gmt":"2023-07-09T12:39:16","slug":"registration-guidelines","status":"publish","type":"page","link":"https:\/\/hidk.hr\/en\/ziskonf\/registration-guidelines\/","title":{"rendered":"Registration instructions"},"content":{"rendered":"<ol>\r\n<li>\r\n<p>We kindly ask all participants, both active and passive, to register by filling out the form available via <a href=\"https:\/\/docs.google.com\/forms\/d\/12nFDTRxoNBvdL8o2c9IXCuQLRcnbFsd-kmzhX3rJG4Q\/edit\">this link<\/a>, even if they are exempt from the conference fee. This will help us gather information about the number of participants, so that we can find a suitable conference venue.<\/p>\r\n<\/li>\r\n<li>\r\n<p>Active participants (presenters) can pay the conference fee and\/or the cost of the conference dinner by card via <a href=\"https:\/\/hidk.hr\/en\/event\/at-the-same-table\/\">this link<\/a>.<\/p>\r\n<\/li>\r\n<\/ol>\r\n<p>If it is more convenient, the conference fee and other costs can be paid by bank transfer. If you pay by bank transfer, please make a note of that in your registration form and explain which items are included in your payment.<br \/><br \/><a href=\"https:\/\/hidk.hr\/en\/ziskonf\/bank-transfer-payment\/\">Information for bank transfer payment<\/a>s<br \/><br \/>We would like to remind you that the early bird fee (payable by 15 July 2023) is EUR 50, while the late fee is EUR 70. Students, PhD candidates, pensioners and passive participants are exempt from the conference fee. The cost of the conference dinner is EUR 30.<\/p><p style=\"font-size: 18px;\">____________________<\/p>\r\n<p>&nbsp;<\/p>\r\n<p>Upute za registraciju:<\/p>\r\n<ol>\r\n<li>Molimo sudionike, i izlaga\u010de i slu\u0161a\u010de, da se registriraju popunjavanjem obrasca na <a href=\"https:\/\/docs.google.com\/forms\/d\/12nFDTRxoNBvdL8o2c9IXCuQLRcnbFsd-kmzhX3rJG4Q\/edit\">ovoj poveznici<\/a> neovisno o tome pla\u0107aju li kotizaciju. Na taj na\u010din poma\u017eete nam u prikupljanju informacija o broju sudionika kako bismo mogli osigurati primjeren prostor za odr\u017eavanje konferencije.<\/li>\r\n<li>Aktivni sudionici (izlaga\u010di) kotizaciju i\/ili ve\u010deru mogu platiti karti\u010dnim pla\u0107anjem slijede\u0107i <a href=\"https:\/\/hidk.hr\/en\/event\/at-the-same-table\/\">ovu poveznicu<\/a> ili uplatom izravno na bankovni ra\u010dun (<a href=\"https:\/\/hidk.hr\/en\/ziskonf\/bank-transfer-payment\/\">podatci za uplatu<\/a>). Ukoliko upla\u0107ujete na bankovni ra\u010dun, molimo da u opisu pla\u0107anja navedete za koga je izvr\u0161ena uplata.<\/li>\r\n<\/ol>\r\n<p>Podsje\u0107amo da rana kotizacija (do 15. srpnja 2023.) iznosi 50 eura, a kasna 70 eura. Studenti, doktorandi, umirovljenici i slu\u0161a\u010di ne pla\u0107aju kotizaciju. Cijena konferencijske ve\u010dere je 30 eura.<\/p>","protected":false},"excerpt":{"rendered":"<p>We kindly ask all participants, both active and passive, to register by filling out the form available via this link, even if they are exempt from the conference fee. This will help us gather information about the number of participants, so that we can find a suitable conference venue. Active participants (presenters) can pay the&#8230;<\/p>","protected":false},"author":2,"featured_media":0,"parent":1944,"menu_order":0,"comment_status":"closed","ping_status":"closed","template":"templates\/full-width-page.php","meta":{"footnotes":""},"class_list":["post-2332","page","type-page","status-publish","hentry"],"post_mailing_queue_ids":[],"_links":{"self":[{"href":"https:\/\/hidk.hr\/en\/wp-json\/wp\/v2\/pages\/2332","targetHints":{"allow":["GET"]}}],"collection":[{"href":"https:\/\/hidk.hr\/en\/wp-json\/wp\/v2\/pages"}],"about":[{"href":"https:\/\/hidk.hr\/en\/wp-json\/wp\/v2\/types\/page"}],"author":[{"embeddable":true,"href":"https:\/\/hidk.hr\/en\/wp-json\/wp\/v2\/users\/2"}],"replies":[{"embeddable":true,"href":"https:\/\/hidk.hr\/en\/wp-json\/wp\/v2\/comments?post=2332"}],"version-history":[{"count":16,"href":"https:\/\/hidk.hr\/en\/wp-json\/wp\/v2\/pages\/2332\/revisions"}],"predecessor-version":[{"id":2379,"href":"https:\/\/hidk.hr\/en\/wp-json\/wp\/v2\/pages\/2332\/revisions\/2379"}],"up":[{"embeddable":true,"href":"https:\/\/hidk.hr\/en\/wp-json\/wp\/v2\/pages\/1944"}],"wp:attachment":[{"href":"https:\/\/hidk.hr\/en\/wp-json\/wp\/v2\/media?parent=2332"}],"curies":[{"name":"wp","href":"https:\/\/api.w.org\/{rel}","templated":true}]}}