{"id":2357,"date":"2023-06-16T05:58:32","date_gmt":"2023-06-16T05:58:32","guid":{"rendered":"https:\/\/hidk.hr\/?page_id=2357"},"modified":"2023-06-16T06:02:48","modified_gmt":"2023-06-16T06:02:48","slug":"bank-transfer-payment","status":"publish","type":"page","link":"https:\/\/hidk.hr\/en\/ziskonf\/bank-transfer-payment\/","title":{"rendered":"Information for bank transfer payment"},"content":{"rendered":"<p>Pay to: Hrvatska udruga istra\u017eiva\u010da dje\u010dje knji\u017eevnosti<\/p>\n<p>Address: Savska cesta 77, 10 000 Zagreb<\/p>\n<p>Bank Account IBAN: HR6023600001102154030<br \/>\nSWIFT CODE: ZABAHR2X<\/p>\n<p>Purpose: Your Name, At the Same Table<\/p>","protected":false},"excerpt":{"rendered":"<p>Pay to: Hrvatska udruga istra\u017eiva\u010da dje\u010dje knji\u017eevnosti Address: Savska cesta 77, 10 000 Zagreb Bank Account IBAN: HR6023600001102154030 SWIFT CODE: ZABAHR2X Purpose: Your Name, At the Same Table<\/p>","protected":false},"author":2,"featured_media":0,"parent":1944,"menu_order":0,"comment_status":"closed","ping_status":"closed","template":"templates\/full-width-page.php","meta":{"footnotes":""},"class_list":["post-2357","page","type-page","status-publish","hentry"],"post_mailing_queue_ids":[],"_links":{"self":[{"href":"https:\/\/hidk.hr\/en\/wp-json\/wp\/v2\/pages\/2357","targetHints":{"allow":["GET"]}}],"collection":[{"href":"https:\/\/hidk.hr\/en\/wp-json\/wp\/v2\/pages"}],"about":[{"href":"https:\/\/hidk.hr\/en\/wp-json\/wp\/v2\/types\/page"}],"author":[{"embeddable":true,"href":"https:\/\/hidk.hr\/en\/wp-json\/wp\/v2\/users\/2"}],"replies":[{"embeddable":true,"href":"https:\/\/hidk.hr\/en\/wp-json\/wp\/v2\/comments?post=2357"}],"version-history":[{"count":2,"href":"https:\/\/hidk.hr\/en\/wp-json\/wp\/v2\/pages\/2357\/revisions"}],"predecessor-version":[{"id":2955,"href":"https:\/\/hidk.hr\/en\/wp-json\/wp\/v2\/pages\/2357\/revisions\/2955"}],"up":[{"embeddable":true,"href":"https:\/\/hidk.hr\/en\/wp-json\/wp\/v2\/pages\/1944"}],"wp:attachment":[{"href":"https:\/\/hidk.hr\/en\/wp-json\/wp\/v2\/media?parent=2357"}],"curies":[{"name":"wp","href":"https:\/\/api.w.org\/{rel}","templated":true}]}}