{"id":25,"date":"2014-03-28T14:05:47","date_gmt":"2014-03-28T14:05:47","guid":{"rendered":"http:\/\/localhost\/hidk_new\/?page_id=25"},"modified":"2025-09-02T04:38:22","modified_gmt":"2025-09-02T04:38:22","slug":"udruga-hidk","status":"publish","type":"page","link":"https:\/\/hidk.hr\/en\/o-nama\/udruga-hidk\/","title":{"rendered":"Udruga HIDK"},"content":{"rendered":"<p>O nama<\/p>\n<p>Hrvatska udruga istra\u017eiva\u010da dje\u010dje knji\u017eevnosti ili skra\u0107eno HIDK, udruga je koja okuplja \u010dlanove zainteresirane za istra\u017eivanje dje\u010dje knji\u017eevnosti i knji\u017eevnosti za mlade\u017e te srodnih podru\u010dja.<br \/>\nUdruga je osnovana 7. svibnja 2010. na osniva\u010dkoj skup\u0161tini odr\u017eanoj na U\u010diteljskom fakultetu u Petrinji.<\/p>\n<p>Ciljevi HIDK:<\/p>\n<ul>\n<li>promicanje, razvitak i unapre\u0111enje istra\u017eivanja dje\u010dje knji\u017eevnosti i knji\u017eevnosti za mlade\u017e te srodnih podru\u010dja<\/li>\n<li>skrb za prikladan polo\u017eaj, zastupljenost i ulogu u dje\u010djoj knji\u017eevnosti i knji\u017eevnosti za mlade\u017e u obrazovanju, kulturi i dru\u0161tvu op\u0107enito<\/li>\n<\/ul>\n<p>Ostvarivanje cilja Udruga ostvaruje sljede\u0107im djelatnostima:<\/p>\n<ul>\n<li>okupljanjem svih pojedinaca i ustanova zainteresiranih za ostvarivanje postavljenih ciljeva<\/li>\n<li>unapre\u0111ivanjem razmjene profesionalnih informacija \u010dlanova, propitivanjem teorijskih pitanja, poticanjem istra\u017eivanja te ukoliko je to mogu\u0107e njihovom koordinacijom<\/li>\n<li>suradnjom s nacionalnim, inozemnim i me\u0111unarodnim stru\u010dnjacima, institucijama i organizacijama koje se bave srodnom djelatno\u0161\u0107u<\/li>\n<li>izdavanjem znanstvenih i stru\u010dnih publikacija sukladno va\u017ee\u0107im propisima Republike Hrvatske<\/li>\n<li>organiziranjem znanstvenih i stru\u010dnih skupova<\/li>\n<li>nagra\u0111ivanjem postignu\u0107a u podru\u010dju istra\u017eivanja dje\u010dje knji\u017eevnosti i knji\u017eevnosti za mlade\u017e i u srodnim podru\u010djima<\/li>\n<li>promicanjem rezultata istra\u017eivanja u obrazovanju i kulturi<\/li>\n<\/ul>\n<p><a href=\"http:\/\/hidk.hr\/wp-content\/uploads\/2014\/03\/Statut_HIDK_rujan-2015.pdf\" target=\"_blank\" rel=\"noopener noreferrer\">Statut HIDK<\/a><\/p><p><strong>Predsjednica<\/strong>: dr. sc. Sanja Vrci\u0107-Mataija<\/p><p><strong>Dopredsjednica<\/strong>: dr. sc. Vladimira Rezo<\/p><p><strong>Upravni odbor:<\/strong>&nbsp;dr. sc. Sanja Lovri\u0107-Kralj, dr. sc.&nbsp;Smiljana Naran\u010di\u0107-Kova\u010d,&nbsp;dr. sc. Sanja Vrci\u0107-Mataija, dr. sc.&nbsp;Vladimira Rezo, dr. sc. Katarina Ivon<\/p><p><strong>Nadzorni odbor:&nbsp;<\/strong>&nbsp;dr. sc. Andrijana Kos-Lajtman, dr. sc. Ivana Milkovi\u0107, dr. sc.&nbsp;Ivana Od\u017ea<\/p><p><strong>Tajnica:<\/strong> Tea Dvor\u0161\u0107ak Kavur<\/p><p><strong>Dosada\u0161nja djelatnost i ostvarenja:<\/strong><\/p><p>Hrvatska udruga dje\u010dje knji\u017eevnosti nakladnik je \u010dasopisa za istra\u017eivanje dje\u010dje knji\u017eevnosti i kulture <em>Libri &amp; Liberi: \u010dasopis za istra\u017eivanje dje\u010dje knji\u017eevnosti i kulture<\/em> koji je 2017. uvr\u0161ten u najvi\u0161u kategoriju znanstvene izvrsnosti u Hrvatskoj (A1) te se referira u bazama Emerging Sources Citation Index (ESCI), Web of Science Core Collection, <a href=\"https:\/\/dbh.nsd.uib.no\/publiseringskanaler\/erihplus\/periodical\/info?id=484841\">ERIH PLUS<\/a>, <a href=\"https:\/\/www.elsevier.com\/solutions\/scopus\">Scopus<\/a>, <a href=\"http:\/\/www.mla.org\/bibliography\">MLA International Bibliography<\/a>, <a href=\"http:\/\/www.mla.org\/mladirec_biblioperiodicals\">MLA Directory of Periodicals<\/a>, <a href=\"http:\/\/ulrichsweb.serialssolutions.com\/login\">ULRICHSWEB<\/a>, <a href=\"http:\/\/www.ceeol.com\/\">CEEOL<\/a>, <a href=\"http:\/\/cejsh.icm.edu.pl\/cejsh\/search\/article.action?cid=24758038-9791-4c68-b0e8-76fa98481958\">CEJSH<\/a>, <a href=\"http:\/\/www.ebscohost.com\/\">EBSCOhost<\/a>, <a href=\"http:\/\/road.issn.org\/issn\/1848-5871-libri-et-liberi#.VNYiCy66PKB\">ROAD<\/a> i <a href=\"http:\/\/hrcak.srce.hr\/\">Hr\u010dak<\/a>. U Italiji je \u010dasopis <em>Libri &amp; Liberi <\/em>uvr\u0161ten u popis publikacija A kategorije. Glavna urednica \u010dasopisa je od njegova osnutka dr. sc. Smiljana Naran\u010di\u0107 Kova\u010d. (Mre\u017ena stranica \u010dasopisa &lt;librietliberi.org&gt;)<\/p><p><strong>Do sada je HIDK sudjelovao kao glavni organizator ili suorganizator cijelog niza znanstvenih i znanstveno-stru\u010dnih konferencija te popularno-znanstvenih manifestacija koje ovdje kronolo\u0161ki pobrajamo:<\/strong><\/p><p>2011. HIDK je bila suorganizator 100. godi\u0161njice ro\u0111enja Grigora Viteza, Znanstvenog skupa s me\u0111unarodnim sudjelovanjem <em>Veliki vidar Vitez<\/em>, odr\u017eanog u Zagrebu, 24. i 25. studenog 2011. (Organizatori: Filozofski i U\u010diteljski fakultet u Zagrebu te Knji\u017enice grada Zagreba \u2013 Hrvatski centar za dje\u010dju knjigu \u2013 Hrvatsku sekciju IBBY, mre\u017ena stranica: &lt;http:\/\/www.ffzg.unizg.hr\/vitez\/&gt;)<\/p><p>2013. HIDK je bila organizator Me\u0111unarodne znanstvene konferencije <em>Od \u010dudnovatog do \u010dudesnog: 100 godina \u201e\u010cudnovatih zgoda \u0161egrta Hlapi\u0107a\u201c<\/em> odr\u017eane u Zagrebu i Slavonskom Brodu od 17. do 20. travnja 2013. (Suorganizatori: Hrvatska akademija znanosti i umjetnosti, Grad Slavonski Brod, Matica hrvatska \u2013 Ogranak Slavonski Brod, Dru\u0161tvo hrvatskih knji\u017eevnika te Agencija za odgoj i obrazovanje). Konferencija je odr\u017eana pod pokroviteljstvom Predsjednika Republike Hrvatske.<\/p><p>2013. HIDK je organizirala kulturnu Manifestaciju <em>Hlapi\u0107 2013.<\/em> kojom se tijekom cijele 2013. godine na razini cijele Republike Hrvatske slavila stota obljetnica prvog izdanja romana Ivane Brli\u0107-Ma\u017eurani\u0107 <em>\u010cudnovate zgode \u0161egrta Hlapi\u0107a<\/em>. U sklopu Manifestacije odr\u017eano je niz predstava, izlo\u017eaba, radionica, predstavljanja prijevoda romana, humanitarnih akcija, kvizova, ali i jedna studentska konferencija \u2013 sveukupno 118 aktivnosti.<\/p><p>2013. HIDK je pokrenula projekt <em>Hlapi\u0107 \u2013 promicatelj hrvatske kulture<\/em> voditeljice dr. sc. Smiljane Naran\u010di\u0107 kova\u010d, a koji se bavi prijevodima romana <em>\u010cudnovate zgode \u0161egrta Hlapi\u0107a<\/em>. U projektu je uspostavljena mre\u017ena stranica na kojoj se mogu vidjeti podatci o prijevodima <em>\u0160egrta Hlapi\u0107a<\/em> na strane jezike (http:\/\/hlapic.org).<\/p><p>2013. na prijedlog Me\u0111unarodnog odbora ameri\u010dkog dru\u0161tva Children&#8217;s Literature Association (ChLA) HIDK je pripremila predstavljanje Republike Hrvatske i hrvatske dje\u010dje knji\u017eevnosti na Me\u0111unarodnoj znanstvenoj konferenciji <em>Play and Risk in Children\u2019s And Young Adult Literature <\/em>koja se od 13. do 15. lipnja 2013. odr\u017eavala u Biloxiju, Mississippi, SAD.<\/p><p>2015. HIDK je bila suorganizator Me\u0111unarodne znanstvene konferencije <em>Istra\u017eivanja paradigmi djetinjstva, odgoja i obrazovanja<\/em> koja se odvijala u Opatiji od 13. do 15. travnja 2015. (Organizator konferencije bio je U\u010diteljski fakultet Sveu\u010dili\u0161ta u Zagrebu<\/p><p>2016. HIDK je organizirala Me\u0111unarodnu znanstvenu konferenciju Stolje\u0107e \u201ePri\u010da iz davnine\u201c Ivane Brli\u0107-Ma\u017eurani\u0107 koja se odr\u017eala u Zagrebu od 12. do 15. listopada 2016. (Suorganizator: Hrvatska akademija znanosti i umjetnosti i Matica hrvatska, mre\u017ena stranica: &lt;http:\/\/conference-pid-2016.hidk.hr\/en\/&gt;). Konferencija je odr\u017eana pod pokroviteljstvom Predsjednice Republike Hrvatske.<\/p><p>2018. HIDK je bila suorganizator znanstvene konferencije posve\u0107ene Jurju Barakovi\u0107u i dje\u010djem pjesni\u0161tvu. Konferencija pod nazivom \u201eBarakovi\u0107evi dani\u201c: <em>Djetinjstvo poezije i poezija djetinjstva<\/em> odr\u017eala se u Zadru 25. listopada 2018. u organizaciji Dru\u0161tva hrvatskih knji\u017eevnika \u2013 Ogranka u Zadru, Sveu\u010dili\u0161ta u Zadru, Odjela za izobrazbu u\u010ditelja i odgojitelja, Odjela za nastavni\u010dke studije u Gospi\u0107u te Gimnazije Jurja Barakovi\u0107a.<\/p><p>2019. HIDK je organizirala 14. po redu Me\u0111unarodnu znanstvenu konferenciju <em>The<\/em> <em>Child and the Book<\/em> \u2013 CBC 2019. u Zadru. Konferencija je nosila naziv <em>Beyond the Canon of (Children&#8217;s) Literature <\/em>tj. <em>S onu stranu kanona dje\u010dje knji\u017eevnosti<\/em>, a odr\u017eana je u Zadru od 8. do 11. svibnja 2019. (Suorganizatori konferencije bili su Sveu\u010dili\u0161te u Zadru i Odjel za izobrazbu u\u010ditelja i odgojitelja, mre\u017ena stranica &lt; http:\/\/cbc2019.hidk.hr\/&gt;).<\/p><p>2020. HIDK je pokrenula projekt popularizacije znanosti <em>Znameniti pisci hrvatske dje\u010dje knji\u017eevnosti<\/em> u suradnji s Hrvatskim \u0161kolskim muzejom. Projekt je usmjeren na obilje\u017eavanje gra\u0111evina u Gradu Zagrebu gdje su ro\u0111eni ili stvarali priznati hrvatski autori dje\u010dje knji\u017eevnosti. Voditeljica projekta je dr. sc. Sanja Lovri\u0107 Kralj. (mre\u017ena stranica: &lt;https:\/\/hidk.hr\/zphdk\/&gt;)<\/p><p>2021. HIDK je bila suorganizator Me\u0111unarodne znanstveno-umjetni\u010dke konferencije Nova promi\u0161ljanja o djetinjstvu odr\u017eane u Zadru od 4. do 5. lipnja 2021. (Organizator: Sveu\u010dili\u0161te u Zadru, Odjel za izobrazbu u\u010ditelja i odgojitelja, mre\u017ena stranica: &lt;https:\/\/conference.unizd.hr\/childhoodzd2020\/&gt;).<\/p><p>2023. HIDK suorganizirala je 9. po redu me\u0111unarodnu konferenciju Europske mre\u017ee istra\u017eiva\u010da slikovnice s nazivom <em>The Picturebook Between Fiction and Reality<\/em>. Konferencija se odr\u017eala u Osijeku od 28. do 29. rujna 2023. (Organizator: The European Network of Picturebook Research, mre\u017ena stranica: <a href=\"https:\/\/hidk.hr\/en\/enprconf2023\/\">https:\/\/hidk.hr\/enprconf2023\/<\/a>).<\/p><p>2023. HIDK je organizirala me\u0111unarodnu znanstvenu konferenciju <em>Za istim stolom: Polo\u017eaj i status istra\u017eivanja dje\u010dje knji\u017eevnosti i kulture<\/em> koja se odr\u017eala u Zagrebu, na Filozofskom fakultetu Sveu\u010dili\u0161ta u Zagrebu od 23. do 25. studenog 2023. (Suorganizatori: Odsjek za kroatistiku Filozofskog fakulteta Sveu\u010dili\u0161ta u Zagrebu, Odsjek za komparativnu knji\u017eevnost Filozofskog fakulteta Sveu\u010dili\u0161ta u Zagrebu, Centar za istra\u017eivanje dje\u010dje knji\u017eevnosti i kulture U\u010diteljskog fakulteta Sveu\u010dili\u0161ta u Zagrebu, mre\u017ena stranica: <a href=\"https:\/\/hidk.hr\/en\/ziskonf\/\">https:\/\/hidk.hr\/ziskonf\/<\/a>)<\/p><p>2024. HIDK je suorganizirala Me\u0111unarodni znanstveni skup Ivana Brli\u0107-Ma\u017eurani\u0107 u novom mileniju. Skup se odr\u017eao u Slavonskome Brodu od 18. do 20. travnja 2024. (Organizator: Sveu\u010dili\u0161te u Slavonskom Brodu).<\/p><p>2024. HIDK je suorganizirala okrugli stol s temom <em>Izazovi poezije za djecu u 21. stolje\u0107u<\/em>. Okrugli stol odr\u017eao se 12. prosinca 2024. u prostorima Dru\u0161tva hrvatskih knji\u017eevnika, a povodom predstavljanja obnovljenog \u010dasopisa Knji\u017eevnost i dijete \u2013 \u010dasopis za istra\u017eivanje i promicanje suvremene knji\u017eevnosti za djecu i mlade. (organizator: Dru\u0161tvo hrvatskih knji\u017eevnika).<\/p><p><strong>Izdanja Hrvatske udruge istra\u017eiva\u010da dje\u010dje knji\u017eevnosti:<\/strong><\/p><ul class=\"wp-block-list\"><li><em>Od \u010dudnovatog do \u010dudesnog. Sto godina \u201e\u010cudnovatih zgoda \u0161egrta Hlapi\u0107a\u201c: knjiga sa\u017eetaka<\/em>. 2013. Zagreb: Hrvatska udruga istra\u017eiva\u010da dje\u010dje knji\u017eevnosti.<\/li>\n\n<li>Majhut, Berislav, Smiljana Naran\u010di\u0107 Kova\u010d i Sanja Lovri\u0107 Kralj (ur.). 2015. <em>\u0160egrt Hlapi\u0107. Od \u010dudnovatog do \u010dudesnog: zbornik radova<\/em>. Zagreb i Slavonski Brod: Hrvatska udruga istra\u017eiva\u010da dje\u010dje knji\u017eevnosti i Ogranak Matice hrvatske Slavonski Brod.<\/li>\n\n<li><em>Stolje\u0107e \u201ePri\u010da iz davnine\u201c Ivane Brli\u0107-Ma\u017eurani\u0107: knjiga sa\u017eetaka<\/em>. 2016. Zagreb: Hrvatska udruga istra\u017eiva\u010da dje\u010dje knji\u017eevnosti.<\/li>\n\n<li>Kos-Lajtman, Andrijana, Sanja Lovri\u0107 Kralj i Nada Kujund\u017ei\u0107 (ur.) 2018. <em>Stolje\u0107e \u201ePri\u010da iz davnine\u201c: zbornik radova<\/em>. Zagreb: Hrvatska udruga istra\u017eiva\u010da dje\u010dje knji\u017eevnosti.<\/li>\n\n<li>Naran\u010di\u0107 Kova\u010d, Smiljana. 2019.<em> Beyond the Canon (of Children&#8217;s Literature): Book of Abstracts<\/em>. Zagreb i Zadar: Croatian Association of Researchers in Children&#8217;s Literature and University of Zadar.<\/li>\n\n<li>Naran\u010di\u0107 Kova\u010d, Smiljana i Nikola Novakovi\u0107 (ur.). 2023. <em>Book of Abstracts<\/em>. The Picturebook Between Fiction and Reality. Zagreb: Croatian Association of Researchers in Children&#8217;s Literature (CARCL \/ HIDK).<\/li>\n\n<li>Lovri\u0107 Kralj, Sanja i Tea Dvor\u0161\u0107ak Kavur (ur.) 2023. At the Same Table: The Position and Status of Research in Children&#8217;s Literature and Culture. Zagreb: Croatian Association of Researchers in Children&#8217;s Literature.<\/li><\/ul>","protected":false},"excerpt":{"rendered":"<p>O nama Hrvatska udruga istra\u017eiva\u010da dje\u010dje knji\u017eevnosti ili skra\u0107eno HIDK, udruga je koja okuplja \u010dlanove zainteresirane za istra\u017eivanje dje\u010dje knji\u017eevnosti i knji\u017eevnosti za mlade\u017e te srodnih podru\u010dja. Udruga je osnovana 7. svibnja 2010. na osniva\u010dkoj skup\u0161tini odr\u017eanoj na U\u010diteljskom fakultetu u Petrinji. Ciljevi HIDK: promicanje, razvitak i unapre\u0111enje istra\u017eivanja dje\u010dje knji\u017eevnosti i knji\u017eevnosti za mlade\u017e&#8230;<\/p>","protected":false},"author":1,"featured_media":0,"parent":23,"menu_order":1,"comment_status":"open","ping_status":"open","template":"","meta":{"footnotes":""},"class_list":["post-25","page","type-page","status-publish","hentry"],"post_mailing_queue_ids":[],"_links":{"self":[{"href":"https:\/\/hidk.hr\/en\/wp-json\/wp\/v2\/pages\/25","targetHints":{"allow":["GET"]}}],"collection":[{"href":"https:\/\/hidk.hr\/en\/wp-json\/wp\/v2\/pages"}],"about":[{"href":"https:\/\/hidk.hr\/en\/wp-json\/wp\/v2\/types\/page"}],"author":[{"embeddable":true,"href":"https:\/\/hidk.hr\/en\/wp-json\/wp\/v2\/users\/1"}],"replies":[{"embeddable":true,"href":"https:\/\/hidk.hr\/en\/wp-json\/wp\/v2\/comments?post=25"}],"version-history":[{"count":8,"href":"https:\/\/hidk.hr\/en\/wp-json\/wp\/v2\/pages\/25\/revisions"}],"predecessor-version":[{"id":3283,"href":"https:\/\/hidk.hr\/en\/wp-json\/wp\/v2\/pages\/25\/revisions\/3283"}],"up":[{"embeddable":true,"href":"https:\/\/hidk.hr\/en\/wp-json\/wp\/v2\/pages\/23"}],"wp:attachment":[{"href":"https:\/\/hidk.hr\/en\/wp-json\/wp\/v2\/media?parent=25"}],"curies":[{"name":"wp","href":"https:\/\/api.w.org\/{rel}","templated":true}]}}