{"id":27,"date":"2014-03-28T14:06:00","date_gmt":"2014-03-28T14:06:00","guid":{"rendered":"http:\/\/localhost\/hidk_new\/?page_id=27"},"modified":"2025-12-10T03:31:16","modified_gmt":"2025-12-10T03:31:16","slug":"clanstvo","status":"publish","type":"page","link":"https:\/\/hidk.hr\/en\/o-nama\/clanstvo\/","title":{"rendered":"\u010clanstvo"},"content":{"rendered":"<p>\u010clanstvo kontakt:\u00a0<a href=\"mailto:udrugaHIDK@gmail.com\">udrugaHIDK@gmail.com<\/a><\/p>\n<p>\u010clanom Udruge HIDK mo\u017ee postati svatko tko prihvati Statut udruge i uplati godi\u0161nji \u010dlanarinu. Godi\u0161nja \u010dlanarina za radno aktivne iznosi 200 kn, a studenti i umirovljenici pla\u0107aju 50 kn.<\/p>\n<p>Prava i obveze \u010dlanova su:<\/p>\n<ul>\n<li>da predla\u017eu, biraju i budu birani u tijela Udruge,<\/li>\n<li>da budu obavije\u0161teni o radu Udruge i njenih tijela te o materijalno-financijskom poslovanju,<\/li>\n<li>da aktivno sudjeluju u izvr\u0161avanju ciljeva Udruge i doprinose ostvarivanju njenih djelatnosti,<\/li>\n<li>da se pridr\u017eavaju odredaba ovog Statuta i drugih op\u0107ih akata Udruge,<\/li>\n<li>da redovito pla\u0107aju \u010dlanarinu,<\/li>\n<li>da \u010duvaju i podi\u017eu ugled Udruge,<\/li>\n<li>\u010duvanje materijalnih dobara i obavljanje preuzetih obveza.<\/li>\n<\/ul>\n<p>\u010clanstvo u Udruzi prestaje:<\/p>\n<ul>\n<li>prestankom djelovanja Udruge,<\/li>\n<li>dragovoljnim istupom,<\/li>\n<li>isklju\u010denjem iz \u010dlanstva.<\/li>\n<\/ul>\n<p><a href=\"https:\/\/hidk.hr\/wp-content\/uploads\/2025\/12\/Clanska-pristupnica-2025.doc\">\u010clanska pristupnica<\/a><\/p>\n<a class=\"maxbutton-1 maxbutton maxbutton-kupi-clanarinu\" target=\"_blank\" rel=\"noopener\" href=\"https:\/\/hidk.hr\/en\/product-category\/hidk-clanarina\/\"><span class='mb-text'>PLATI \u010cLANARINU<\/span><\/a>","protected":false},"excerpt":{"rendered":"<p>\u010clanstvo kontakt:\u00a0udrugaHIDK@gmail.com \u010clanom Udruge HIDK mo\u017ee postati svatko tko prihvati Statut udruge i uplati godi\u0161nji \u010dlanarinu. Godi\u0161nja \u010dlanarina za radno aktivne iznosi 200 kn, a studenti i umirovljenici pla\u0107aju 50 kn. Prava i obveze \u010dlanova su: da predla\u017eu, biraju i budu birani u tijela Udruge, da budu obavije\u0161teni o radu Udruge i njenih tijela te&#8230;<\/p>","protected":false},"author":1,"featured_media":0,"parent":23,"menu_order":2,"comment_status":"open","ping_status":"open","template":"","meta":{"footnotes":""},"class_list":["post-27","page","type-page","status-publish","hentry"],"post_mailing_queue_ids":[],"_links":{"self":[{"href":"https:\/\/hidk.hr\/en\/wp-json\/wp\/v2\/pages\/27","targetHints":{"allow":["GET"]}}],"collection":[{"href":"https:\/\/hidk.hr\/en\/wp-json\/wp\/v2\/pages"}],"about":[{"href":"https:\/\/hidk.hr\/en\/wp-json\/wp\/v2\/types\/page"}],"author":[{"embeddable":true,"href":"https:\/\/hidk.hr\/en\/wp-json\/wp\/v2\/users\/1"}],"replies":[{"embeddable":true,"href":"https:\/\/hidk.hr\/en\/wp-json\/wp\/v2\/comments?post=27"}],"version-history":[{"count":6,"href":"https:\/\/hidk.hr\/en\/wp-json\/wp\/v2\/pages\/27\/revisions"}],"predecessor-version":[{"id":3321,"href":"https:\/\/hidk.hr\/en\/wp-json\/wp\/v2\/pages\/27\/revisions\/3321"}],"up":[{"embeddable":true,"href":"https:\/\/hidk.hr\/en\/wp-json\/wp\/v2\/pages\/23"}],"wp:attachment":[{"href":"https:\/\/hidk.hr\/en\/wp-json\/wp\/v2\/media?parent=27"}],"curies":[{"name":"wp","href":"https:\/\/api.w.org\/{rel}","templated":true}]}}