{"id":3038,"date":"2024-12-22T01:29:15","date_gmt":"2024-12-22T01:29:15","guid":{"rendered":"https:\/\/hidk.hr\/?page_id=3038"},"modified":"2025-05-02T21:02:39","modified_gmt":"2025-05-02T21:02:39","slug":"conference-fee","status":"publish","type":"page","link":"https:\/\/hidk.hr\/en\/conference-fee\/","title":{"rendered":"Conference fee"},"content":{"rendered":"<figure class=\"wp-block-table\"><table class=\"has-fixed-layout\"><tbody><tr><td>\n<p><strong>&nbsp;<\/strong><\/p>\n<\/td><td class=\"has-text-align-center\" data-align=\"center\">\n<p><strong>Early bird<\/strong><\/p>\n<\/td><td class=\"has-text-align-center\" data-align=\"center\">\n<p><strong>Regular fee (after 1 March 2025)<\/strong><\/p>\n<\/td><\/tr><tr><td>\n<p><strong>Conference Fee<\/strong><\/p>\n<\/td><td class=\"has-text-align-center\" data-align=\"center\">\n<p>EUR 100<\/p>\n<\/td><td class=\"has-text-align-center\" data-align=\"center\">\n<p>EUR 120<\/p>\n<\/td><\/tr><tr><td>\n<p><strong>Reduced conference fee for unemployed and students<\/strong><\/p>\n<\/td><td class=\"has-text-align-center\" data-align=\"center\">\n<p>EUR 50<\/p>\n<\/td><td class=\"has-text-align-center\" data-align=\"center\">\n<p>EUR 70<\/p>\n<\/td><\/tr><tr><td>\n<p><strong>Conference dinner (optional)<\/strong><\/p>\n<\/td><td class=\"has-text-align-center\" data-align=\"center\" colspan=\"2\">\n<p>EUR 40<\/p>\n<\/td><\/tr><tr><td><p><strong>Excursion on Saturday (optional)<\/strong><\/p><\/td><td class=\"has-text-align-center\" data-align=\"center\" colspan=\"2\">EUR 40<\/td><\/tr><\/tbody><\/table><\/figure><p>&nbsp;<strong>The conference fee and\/or the cost of the conference dinner and excursion can be paid by card via <a href=\"https:\/\/hidk.hr\/en\/event\/conference-venue\/\">this link<\/a>.<\/strong><\/p><p>If it is more convenient, the conference fee and other costs can be paid by bank transfer:<\/p><p>Pay to: Hrvatska udruga istra\u017eiva\u010da dje\u010dje knji\u017eevnosti<\/p><p>Address: Savska cesta 77, 10 000 Zagreb<\/p><p>Bank Account IBAN: HR6023600001102154030<br>SWIFT CODE: ZABAHR2X<\/p><p>Purpose: Your Name, Conference fee (+ dinner + excursion)<\/p>","protected":false},"excerpt":{"rendered":"<p>&nbsp; Early bird Regular fee (after 1 March 2025) Conference Fee EUR 100 EUR 120 Reduced conference fee for unemployed and students EUR 50 EUR 70 Conference dinner (optional) EUR 40 Excursion on Saturday (optional) EUR 40 &nbsp;The conference fee and\/or the cost of the conference dinner and excursion can be paid by card via&#8230;<\/p>","protected":false},"author":2,"featured_media":0,"parent":0,"menu_order":0,"comment_status":"closed","ping_status":"closed","template":"templates\/full-width-page.php","meta":{"footnotes":""},"class_list":["post-3038","page","type-page","status-publish","hentry"],"post_mailing_queue_ids":[],"_links":{"self":[{"href":"https:\/\/hidk.hr\/en\/wp-json\/wp\/v2\/pages\/3038","targetHints":{"allow":["GET"]}}],"collection":[{"href":"https:\/\/hidk.hr\/en\/wp-json\/wp\/v2\/pages"}],"about":[{"href":"https:\/\/hidk.hr\/en\/wp-json\/wp\/v2\/types\/page"}],"author":[{"embeddable":true,"href":"https:\/\/hidk.hr\/en\/wp-json\/wp\/v2\/users\/2"}],"replies":[{"embeddable":true,"href":"https:\/\/hidk.hr\/en\/wp-json\/wp\/v2\/comments?post=3038"}],"version-history":[{"count":6,"href":"https:\/\/hidk.hr\/en\/wp-json\/wp\/v2\/pages\/3038\/revisions"}],"predecessor-version":[{"id":3218,"href":"https:\/\/hidk.hr\/en\/wp-json\/wp\/v2\/pages\/3038\/revisions\/3218"}],"wp:attachment":[{"href":"https:\/\/hidk.hr\/en\/wp-json\/wp\/v2\/media?parent=3038"}],"curies":[{"name":"wp","href":"https:\/\/api.w.org\/{rel}","templated":true}]}}