{"id":31,"date":"2014-03-28T14:06:29","date_gmt":"2014-03-28T14:06:29","guid":{"rendered":"http:\/\/localhost\/hidk_new\/?page_id=31"},"modified":"2025-09-02T04:35:45","modified_gmt":"2025-09-02T04:35:45","slug":"kontakt","status":"publish","type":"page","link":"https:\/\/hidk.hr\/en\/o-nama\/kontakt\/","title":{"rendered":"Kontakt"},"content":{"rendered":"<p><strong>Adresa:\u00a0<\/strong><br \/>\nHrvatska udruga istra\u017eiva\u010da dje\u010dje knji\u017eevnosti (HIDK)<br \/>\nSanja Vrci\u0107-Mataija, predsjednica<br \/>\nSavska 77<br \/>\n10 000 Zagreb<br \/>\nHrvatska (Croatia)<\/p>\n<p><strong>Email:<\/strong><br \/>\nUdruga:\u00a0<a href=\"mailto:udrugaHIDK@gmail.com\">udrugaHIDK@gmail.com\u00a0<\/a><br \/>\n\u010casopis Libri &amp; Liberi:\u00a0<a href=\"mailto:librietliberi@gmail.com\">librietliberi@gmail.com\u00a0<\/a><\/p>\n<p><strong>Web stranica:<\/strong>\u00a0<a href=\"https:\/\/hidk.hr\/en\/\">www.hidk.hr<\/a><br \/>\n<strong>Uredni\u0161tvo web portala:\u00a0<\/strong><a href=\"mailto:mail@hidk.hr\">mail@hidk.hr<\/a><\/p>","protected":false},"excerpt":{"rendered":"<p>Adresa:\u00a0 Hrvatska udruga istra\u017eiva\u010da dje\u010dje knji\u017eevnosti (HIDK) Sanja Vrci\u0107-Mataija, predsjednica Savska 77 10 000 Zagreb Hrvatska (Croatia) Email: Udruga:\u00a0udrugaHIDK@gmail.com\u00a0 \u010casopis Libri &amp; Liberi:\u00a0librietliberi@gmail.com\u00a0 Web stranica:\u00a0www.hidk.hr Uredni\u0161tvo web portala:\u00a0mail@hidk.hr<\/p>","protected":false},"author":1,"featured_media":0,"parent":23,"menu_order":4,"comment_status":"closed","ping_status":"open","template":"","meta":{"footnotes":""},"class_list":["post-31","page","type-page","status-publish","hentry"],"post_mailing_queue_ids":[],"_links":{"self":[{"href":"https:\/\/hidk.hr\/en\/wp-json\/wp\/v2\/pages\/31","targetHints":{"allow":["GET"]}}],"collection":[{"href":"https:\/\/hidk.hr\/en\/wp-json\/wp\/v2\/pages"}],"about":[{"href":"https:\/\/hidk.hr\/en\/wp-json\/wp\/v2\/types\/page"}],"author":[{"embeddable":true,"href":"https:\/\/hidk.hr\/en\/wp-json\/wp\/v2\/users\/1"}],"replies":[{"embeddable":true,"href":"https:\/\/hidk.hr\/en\/wp-json\/wp\/v2\/comments?post=31"}],"version-history":[{"count":8,"href":"https:\/\/hidk.hr\/en\/wp-json\/wp\/v2\/pages\/31\/revisions"}],"predecessor-version":[{"id":3282,"href":"https:\/\/hidk.hr\/en\/wp-json\/wp\/v2\/pages\/31\/revisions\/3282"}],"up":[{"embeddable":true,"href":"https:\/\/hidk.hr\/en\/wp-json\/wp\/v2\/pages\/23"}],"wp:attachment":[{"href":"https:\/\/hidk.hr\/en\/wp-json\/wp\/v2\/media?parent=31"}],"curies":[{"name":"wp","href":"https:\/\/api.w.org\/{rel}","templated":true}]}}