{"id":3310,"date":"2025-10-19T18:23:15","date_gmt":"2025-10-19T18:23:15","guid":{"rendered":"https:\/\/hidk.hr\/?page_id=3310"},"modified":"2025-12-19T11:30:46","modified_gmt":"2025-12-19T11:30:46","slug":"pretplata-subscription","status":"publish","type":"page","link":"https:\/\/hidk.hr\/en\/pretplata-subscription\/","title":{"rendered":"Pretplata \/ Subscription"},"content":{"rendered":"<p><em>Libri &amp; Liberi<\/em> znanstveni je i stru\u010dni \u010dasopis koji izlazi dva puta godi\u0161nje u tiskanom i elektroni\u010dkom izdanju &lt;www.librietliberi.org&gt; i objavljuje znanstvene i stru\u010dne \u010dlanke na hrvatskom, engleskom i njema\u010dkom jeziku o svim temama koje se ti\u010du dje\u010dje knji\u017eevnosti, knji\u017eevnosti za mlade\u017e i njihova \u0161iroko shva\u0107enoga kulturnoga konteksta, njeguju\u0107i interdisciplinarnost i intermedijalnost. Radovi se dostavljaju na e-adresu librietliberi@ gmail.com. Upute za pripremu rukopisa nalaze se na mre\u017enoj stranici &lt;www.librietliberi.org&gt;.<\/p><p>Molimo pretplatnike da prije pla\u0107anja ispune obrazac:<\/p><div class=\"wp-block-buttons is-layout-flex wp-block-buttons-is-layout-flex\"><div class=\"wp-block-button\"><a class=\"wp-block-button__link wp-element-button\" href=\"https:\/\/docs.google.com\/forms\/d\/e\/1FAIpQLSeC6IZsfkgw7947wOFH-7KcNymqN-dze27QK5KcY7-bmXRkyw\/viewform?usp=publish-editor\">Obrazac za pretplatu<\/a><\/div><\/div><p><\/p><p>Nakon \u0161to ste uspje\u0161no ispunili obrazac, molimo nastavite na pla\u0107anje:<\/p><div class=\"wp-block-buttons is-layout-flex wp-block-buttons-is-layout-flex\"><div class=\"wp-block-button\"><a class=\"wp-block-button__link wp-element-button\" href=\"https:\/\/hidk.hr\/en\/trgovina\/\">Nastavi na pla\u0107anje<\/a><\/div><\/div><p><\/p><p><em>Libri &amp; Liberi<\/em> is an academic journal published twice a year in printed and electronic form &lt;www. librietliberi.org&gt;. It publishes peer-reviewed academic papers on various topics in the field of children\u2019s literature and young adult literature and on related topics, on their wider cultural contexts, in English, German and Croatian. Manuscripts and inquiries should be submitted electronically to librietliberi@gmail. com. Guidelines for contributors can be found at &lt;www.librietliberi.org&gt;.&nbsp;<\/p><p>Please fill the subscription form before proceeding to payment:<\/p><div class=\"wp-block-buttons is-layout-flex wp-block-buttons-is-layout-flex\"><div class=\"wp-block-button\"><a class=\"wp-block-button__link wp-element-button\" href=\"https:\/\/docs.google.com\/forms\/d\/e\/1FAIpQLSeC6IZsfkgw7947wOFH-7KcNymqN-dze27QK5KcY7-bmXRkyw\/viewform?usp=publish-editor\">Subscription form<\/a><\/div><\/div><p><\/p><p>After you have successfully completed the form, please proceed to payment:<\/p><div class=\"wp-block-buttons is-layout-flex wp-block-buttons-is-layout-flex\"><div class=\"wp-block-button\"><a class=\"wp-block-button__link wp-element-button\" href=\"https:\/\/hidk.hr\/en\/trgovina\/\">Proceed to payment<\/a><\/div><\/div><p><\/p>","protected":false},"excerpt":{"rendered":"<p>Libri &amp; Liberi znanstveni je i stru\u010dni \u010dasopis koji izlazi dva puta godi\u0161nje u tiskanom i elektroni\u010dkom izdanju &lt;www.librietliberi.org&gt; i objavljuje znanstvene i stru\u010dne \u010dlanke na hrvatskom, engleskom i njema\u010dkom jeziku o svim temama koje se ti\u010du dje\u010dje knji\u017eevnosti, knji\u017eevnosti za mlade\u017e i njihova \u0161iroko shva\u0107enoga kulturnoga konteksta, njeguju\u0107i interdisciplinarnost i intermedijalnost. Radovi se dostavljaju&#8230;<\/p>","protected":false},"author":87,"featured_media":0,"parent":0,"menu_order":0,"comment_status":"closed","ping_status":"closed","template":"","meta":{"footnotes":""},"class_list":["post-3310","page","type-page","status-publish","hentry"],"post_mailing_queue_ids":[],"_links":{"self":[{"href":"https:\/\/hidk.hr\/en\/wp-json\/wp\/v2\/pages\/3310","targetHints":{"allow":["GET"]}}],"collection":[{"href":"https:\/\/hidk.hr\/en\/wp-json\/wp\/v2\/pages"}],"about":[{"href":"https:\/\/hidk.hr\/en\/wp-json\/wp\/v2\/types\/page"}],"author":[{"embeddable":true,"href":"https:\/\/hidk.hr\/en\/wp-json\/wp\/v2\/users\/87"}],"replies":[{"embeddable":true,"href":"https:\/\/hidk.hr\/en\/wp-json\/wp\/v2\/comments?post=3310"}],"version-history":[{"count":8,"href":"https:\/\/hidk.hr\/en\/wp-json\/wp\/v2\/pages\/3310\/revisions"}],"predecessor-version":[{"id":3356,"href":"https:\/\/hidk.hr\/en\/wp-json\/wp\/v2\/pages\/3310\/revisions\/3356"}],"wp:attachment":[{"href":"https:\/\/hidk.hr\/en\/wp-json\/wp\/v2\/media?parent=3310"}],"curies":[{"name":"wp","href":"https:\/\/api.w.org\/{rel}","templated":true}]}}