{"id":951,"date":"2018-05-11T08:33:30","date_gmt":"2018-05-11T08:33:30","guid":{"rendered":"http:\/\/hidk.hr\/?page_id=951"},"modified":"2024-09-11T13:23:54","modified_gmt":"2024-09-11T13:23:54","slug":"baza-podataka","status":"publish","type":"page","link":"https:\/\/hidk.hr\/en\/baza-podataka\/","title":{"rendered":"Baza radova"},"content":{"rendered":"<table id=\"dlp_a7ad9acc3e370916_1\" class=\"posts-data-table\" width=\"100%\" data-config=\"{&quot;pageLength&quot;:20,&quot;pagingType&quot;:&quot;numbers&quot;,&quot;serverSide&quot;:false,&quot;autoWidth&quot;:true,&quot;clickFilter&quot;:&quot;&quot;,&quot;stickyHeader&quot;:false,&quot;scrollOffset&quot;:15,&quot;resetButton&quot;:false,&quot;numOrder&quot;:false,&quot;lengthMenu&quot;:[[10,20,25,50,100,-1],[10,20,25,50,100,&quot;All&quot;]],&quot;columnDefs&quot;:[{&quot;className&quot;:&quot;col-image&quot;,&quot;targets&quot;:0,&quot;type&quot;:&quot;html&quot;},{&quot;className&quot;:&quot;col-title&quot;,&quot;targets&quot;:1,&quot;type&quot;:&quot;html&quot;},{&quot;className&quot;:&quot;col-doc_author&quot;,&quot;targets&quot;:2,&quot;type&quot;:&quot;html&quot;},{&quot;className&quot;:&quot;col-date&quot;,&quot;targets&quot;:3,&quot;type&quot;:&quot;html&quot;},{&quot;className&quot;:&quot;col-excerpt&quot;,&quot;targets&quot;:4,&quot;type&quot;:&quot;html&quot;},{&quot;className&quot;:&quot;col-doc_categories&quot;,&quot;targets&quot;:5,&quot;type&quot;:&quot;html&quot;},{&quot;className&quot;:&quot;col-doc_tags&quot;,&quot;targets&quot;:6,&quot;type&quot;:&quot;html&quot;},{&quot;className&quot;:&quot;col-link&quot;,&quot;targets&quot;:7,&quot;type&quot;:&quot;html&quot;}],&quot;responsive&quot;:{&quot;details&quot;:{&quot;display&quot;:&quot;child_row&quot;}},&quot;language&quot;:{&quot;info&quot;:&quot;_TOTAL_ documents&quot;,&quot;infoEmpty&quot;:&quot;0 documents&quot;,&quot;emptyTable&quot;:&quot;No matching documents.&quot;,&quot;zeroRecords&quot;:&quot;No matching documents.&quot;,&quot;totalsSingle&quot;:&quot;document&quot;,&quot;totalsPlural&quot;:&quot;documents&quot;},&quot;dom&quot;:&quot;&lt;\\&quot;posts-table-wrapper boston\\&quot;&lt;\\&quot;posts-table-above posts-table-controls\\&quot;f&gt;t&lt;\\&quot;posts-table-below posts-table-controls\\&quot;lip&gt;&gt;&quot;,&quot;multiDownloadButton&quot;:false,&quot;multiDownloadPosition&quot;:&quot;above&quot;,&quot;multiDownloadText&quot;:&quot;Download Selected Documents&quot;}\" data-filters=\"{&quot;doc_author&quot;:{&quot;taxonomy&quot;:&quot;doc_author&quot;,&quot;heading&quot;:&quot;Author&quot;,&quot;terms&quot;:[{&quot;name&quot;:&quot;Ana&quot;,&quot;slug&quot;:&quot;ana&quot;},{&quot;name&quot;:&quot;Batini\\u0107&quot;,&quot;slug&quot;:&quot;batinic&quot;},{&quot;name&quot;:&quot;Lovri\\u0107 Kralj&quot;,&quot;slug&quot;:&quot;lovric-kralj&quot;},{&quot;name&quot;:&quot;Lovri\\u0107 Kralj, Sanja&quot;,&quot;slug&quot;:&quot;lovric-kralj-sanja&quot;},{&quot;name&quot;:&quot;Majhut, Berislav&quot;,&quot;slug&quot;:&quot;majhut-berislav&quot;},{&quot;name&quot;:&quot;Sanja&quot;,&quot;slug&quot;:&quot;sanja&quot;}],&quot;searchColumn&quot;:&quot;hf_doc_author&quot;},&quot;doc_categories&quot;:{&quot;taxonomy&quot;:&quot;doc_categories&quot;,&quot;heading&quot;:&quot;Category&quot;,&quot;terms&quot;:[{&quot;name&quot;:&quot;biografije&quot;,&quot;slug&quot;:&quot;biografije&quot;},{&quot;name&quot;:&quot;cenzura&quot;,&quot;slug&quot;:&quot;cenzura&quot;},{&quot;name&quot;:&quot;kazali\\u0161te&quot;,&quot;slug&quot;:&quot;kazaliste&quot;},{&quot;name&quot;:&quot;Metodi\\u010dki pristupi&quot;,&quot;slug&quot;:&quot;metodicki-pristupi&quot;},{&quot;name&quot;:&quot;popularna kultura&quot;,&quot;slug&quot;:&quot;popularna-kultura&quot;},{&quot;name&quot;:&quot;Povijest djetinjstva&quot;,&quot;slug&quot;:&quot;povijest-djetinjstva&quot;},{&quot;name&quot;:&quot;Prijevodi&quot;,&quot;slug&quot;:&quot;prijevodi&quot;},{&quot;name&quot;:&quot;Pripovijetke&quot;,&quot;slug&quot;:&quot;pripovijetke&quot;},{&quot;name&quot;:&quot;Romani&quot;,&quot;slug&quot;:&quot;romani&quot;},{&quot;name&quot;:&quot;Slikovnice&quot;,&quot;slug&quot;:&quot;slikovnice&quot;},{&quot;name&quot;:&quot;sport&quot;,&quot;slug&quot;:&quot;sport&quot;},{&quot;name&quot;:&quot;Stripovi&quot;,&quot;slug&quot;:&quot;stripovi&quot;}],&quot;searchColumn&quot;:&quot;hf_doc_categories&quot;},&quot;doc_tags&quot;:{&quot;taxonomy&quot;:&quot;doc_tags&quot;,&quot;heading&quot;:&quot;Tag&quot;,&quot;terms&quot;:[{&quot;name&quot;:&quot;cenzura&quot;,&quot;slug&quot;:&quot;cenzura&quot;},{&quot;name&quot;:&quot;Dubravka Te\\u017eak&quot;,&quot;slug&quot;:&quot;dubravka-tezak&quot;},{&quot;name&quot;:&quot;Dubravka Zima&quot;,&quot;slug&quot;:&quot;dubravka-zima&quot;},{&quot;name&quot;:&quot;Junaci Pavlove ulice&quot;,&quot;slug&quot;:&quot;junaci-pavlove-ulice&quot;},{&quot;name&quot;:&quot;Maja Verdonik&quot;,&quot;slug&quot;:&quot;maja-verdonik&quot;},{&quot;name&quot;:&quot;Marina Gabelica&quot;,&quot;slug&quot;:&quot;marina-gabelica&quot;},{&quot;name&quot;:&quot;Marinko Lazzarich&quot;,&quot;slug&quot;:&quot;marinko-lazzarich&quot;},{&quot;name&quot;:&quot;petpara\\u010dka knji\\u017eevnost&quot;,&quot;slug&quot;:&quot;petparacka-knjizevnost&quot;},{&quot;name&quot;:&quot;strane knjige&quot;,&quot;slug&quot;:&quot;strane-knjige&quot;}],&quot;searchColumn&quot;:&quot;hf_doc_tags&quot;}}\" data-order='[[3, \"desc\"]]'><thead><tr><th class=\"all\" data-name=\"image\" data-orderable=\"false\" data-searchable=\"false\" data-width=\"70px\" data-priority=\"2\">Image<\/th><th data-name=\"title\" data-orderable=\"true\" data-searchable=\"true\" data-priority=\"1\">Title<\/th><th data-name=\"doc_author\" data-orderable=\"true\" data-searchable=\"true\" data-priority=\"10\">Author<\/th><th data-name=\"date\" data-orderable=\"true\" data-searchable=\"true\" data-priority=\"5\">Date<\/th><th data-name=\"excerpt\" data-orderable=\"true\" data-searchable=\"true\" data-priority=\"4\">Summary<\/th><th data-name=\"doc_categories\" data-orderable=\"true\" data-searchable=\"true\" data-priority=\"6\">Categories<\/th><th data-name=\"doc_tags\" data-orderable=\"true\" data-searchable=\"true\" data-priority=\"10\">Tags<\/th><th data-name=\"link\" data-orderable=\"false\" data-searchable=\"false\" data-priority=\"10\">Link<\/th><th data-name=\"hf_doc_author\" data-tax=\"doc_author\" data-searchable=\"true\" data-visible=\"false\">hf:doc_author<\/th><th data-name=\"hf_doc_categories\" data-tax=\"doc_categories\" data-searchable=\"true\" data-visible=\"false\">hf:doc_categories<\/th><th data-name=\"hf_doc_tags\" data-tax=\"doc_tags\" data-searchable=\"true\" data-visible=\"false\">hf:doc_tags<\/th><\/tr><\/thead><tbody><tr id=\"post-row-2872\" class=\"post-row post-type-dlp_document dlp_document-2872 publish\"><td><\/td><td>From Popularity and Influence to Cultural Oblivion. The Case of Jagoda Truhelka in Croatian Literary and Cultural History<\/td><td><span data-slug=\"ana\">Ana<\/span>, <span data-slug=\"batinic\">Batini\u0107<\/span>, <span data-slug=\"lovric-kralj\">Lovri\u0107 Kralj<\/span>, <span data-slug=\"sanja\">Sanja<\/span><\/td><td data-sort=\"1716467095\">23. May 2024<\/td><td><p> &hellip;<\/p>\n<\/td><td><span data-slug=\"biografije\">biografije<\/span>, <span data-slug=\"cenzura\">cenzura<\/span>, <span data-slug=\"pripovijetke\">Pripovijetke<\/span>, <span data-slug=\"romani\">Romani<\/span><\/td><td><\/td><td><div class=\"dlp-table-document-link-wrap\"><a href=\"https:\/\/journals.indexcopernicus.com\/search\/article?articleId=3888326\" class=\"dlp-download-link dlp-download-button document-library-pro-button button btn\" data-download-id=\"2872\" target=\"_blank\" ><div class=\"dlp-icon download dlp-button-icon\"><svg xmlns=\"http:\/\/www.w3.org\/2000\/svg\" viewbox=\"0 0 512 512\" aria-label=\"Download\"><path fill=\"currentColor\" d=\"M216 0h80c13.3 0 24 10.7 24 24v168h87.7c17.8 0 26.7 21.5 14.1 34.1L269.7 378.3c-7.5 7.5-19.8 7.5-27.3 0L90.1 226.1c-12.6-12.6-3.7-34.1 14.1-34.1H192V24c0-13.3 10.7-24 24-24zm296 376v112c0 13.3-10.7 24-24 24H24c-13.3 0-24-10.7-24-24V376c0-13.3 10.7-24 24-24h146.7l49 49c20.1 20.1 52.5 20.1 72.6 0l49-49H488c13.3 0 24 10.7 24 24zm-124 88c0-11-9-20-20-20s-20 9-20 20 9 20 20 20 20-9 20-20zm64 0c0-11-9-20-20-20s-20 9-20 20 9 20 20 20 20-9 20-20z\"><\/path><\/svg><\/div><\/a><\/div><\/td><td>ana batinic lovric-kralj sanja<\/td><td>biografije cenzura pripovijetke romani<\/td><td><\/td><\/tr><tr id=\"post-row-2859\" class=\"post-row post-type-dlp_document dlp_document-2859 publish\"><td><\/td><td>Kreativni pristup lektiri<\/td><td><\/td><td data-sort=\"1715939186\">17. May 2024<\/td><td><p>Gabelica, Marina i Dubravka Te\u017eak. 2019. Kreativni pristup lektiri. 2. izd. Zagreb: Naklada &hellip;<\/p>\n<\/td><td><span data-slug=\"metodicki-pristupi\">Metodi\u010dki pristupi<\/span>, <span data-slug=\"romani\">Romani<\/span>, <span data-slug=\"slikovnice\">Slikovnice<\/span>, <span data-slug=\"stripovi\">Stripovi<\/span><\/td><td><a href=\"https:\/\/hidk.hr\/en\/document-tag\/dubravka-tezak\/\" data-column=\"doc_tags\" rel=\"tag\" ><span data-slug=\"dubravka-tezak\">Dubravka Te\u017eak<\/span><\/a>, <a href=\"https:\/\/hidk.hr\/en\/document-tag\/marina-gabelica\/\" data-column=\"doc_tags\" rel=\"tag\" ><span data-slug=\"marina-gabelica\">Marina Gabelica<\/span><\/a><\/td><td><div class=\"dlp-table-document-link-wrap\"><a href=\"https:\/\/hidk.hr\/en\/document\/kreativni-pristup-lektiri\/\" class=\"dlp-download-link dlp-download-button document-library-pro-button button btn\" data-download-id=\"2859\" target=\"_blank\" ><div class=\"dlp-icon download dlp-button-icon\"><svg xmlns=\"http:\/\/www.w3.org\/2000\/svg\" viewbox=\"0 0 512 512\" aria-label=\"Download\"><path fill=\"currentColor\" d=\"M216 0h80c13.3 0 24 10.7 24 24v168h87.7c17.8 0 26.7 21.5 14.1 34.1L269.7 378.3c-7.5 7.5-19.8 7.5-27.3 0L90.1 226.1c-12.6-12.6-3.7-34.1 14.1-34.1H192V24c0-13.3 10.7-24 24-24zm296 376v112c0 13.3-10.7 24-24 24H24c-13.3 0-24-10.7-24-24V376c0-13.3 10.7-24 24-24h146.7l49 49c20.1 20.1 52.5 20.1 72.6 0l49-49H488c13.3 0 24 10.7 24 24zm-124 88c0-11-9-20-20-20s-20 9-20 20 9 20 20 20 20-9 20-20zm64 0c0-11-9-20-20-20s-20 9-20 20 9 20 20 20 20-9 20-20z\"><\/path><\/svg><\/div><\/a><\/div><\/td><td><\/td><td>metodicki-pristupi romani slikovnice stripovi<\/td><td>dubravka-tezak marina-gabelica<\/td><\/tr><tr id=\"post-row-2858\" class=\"post-row post-type-dlp_document dlp_document-2858 publish\"><td><\/td><td>Lutkarski \u017eanrovi na sceni Gradskoga kazali\u0161ta lutaka Rijeka i suvremeno hrvatsko lutkarstvo (2011. \u2013 2019.)<\/td><td><\/td><td data-sort=\"1715939079\">17. May 2024<\/td><td><p>Verdonik, Maja. 2019. Lutkarski \u017eanrovi na sceni Gradskoga kazali\u0161ta lutaka Rijeka i suvremeno hrvatsko lutkarstvo (2011. \u2013 2019.). Rijeka: Sveu\u010dili\u0161te u Rijeci, U\u010diteljski &hellip;<\/p>\n<\/td><td><span data-slug=\"kazaliste\">kazali\u0161te<\/span><\/td><td><a href=\"https:\/\/hidk.hr\/en\/document-tag\/maja-verdonik\/\" data-column=\"doc_tags\" rel=\"tag\" ><span data-slug=\"maja-verdonik\">Maja Verdonik<\/span><\/a><\/td><td><div class=\"dlp-table-document-link-wrap\"><a href=\"https:\/\/hidk.hr\/en\/document\/lutkarski-zanrovi-na-sceni-gradskoga-kazalista-lutaka-rijeka-i-suvremeno-hrvatsko-lutkarstvo-2011-2019\/\" class=\"dlp-download-link dlp-download-button document-library-pro-button button btn\" data-download-id=\"2858\" target=\"_blank\" ><div class=\"dlp-icon download dlp-button-icon\"><svg xmlns=\"http:\/\/www.w3.org\/2000\/svg\" viewbox=\"0 0 512 512\" aria-label=\"Download\"><path fill=\"currentColor\" d=\"M216 0h80c13.3 0 24 10.7 24 24v168h87.7c17.8 0 26.7 21.5 14.1 34.1L269.7 378.3c-7.5 7.5-19.8 7.5-27.3 0L90.1 226.1c-12.6-12.6-3.7-34.1 14.1-34.1H192V24c0-13.3 10.7-24 24-24zm296 376v112c0 13.3-10.7 24-24 24H24c-13.3 0-24-10.7-24-24V376c0-13.3 10.7-24 24-24h146.7l49 49c20.1 20.1 52.5 20.1 72.6 0l49-49H488c13.3 0 24 10.7 24 24zm-124 88c0-11-9-20-20-20s-20 9-20 20 9 20 20 20 20-9 20-20zm64 0c0-11-9-20-20-20s-20 9-20 20 9 20 20 20 20-9 20-20z\"><\/path><\/svg><\/div><\/a><\/div><\/td><td><\/td><td>kazaliste<\/td><td>maja-verdonik<\/td><\/tr><tr id=\"post-row-2857\" class=\"post-row post-type-dlp_document dlp_document-2857 publish\"><td><\/td><td>Praksa svijeta: biografija Ivane Brli\u0107-Ma\u017eurani\u0107<\/td><td><\/td><td data-sort=\"1715939014\">17. May 2024<\/td><td><p>Zima, Dubravka. 2019. Praksa svijeta: biografija Ivane Brli\u0107-Ma\u017eurani\u0107, Zagreb: Naklada &hellip;<\/p>\n<\/td><td><span data-slug=\"biografije\">biografije<\/span>, <span data-slug=\"povijest-djetinjstva\">Povijest djetinjstva<\/span><\/td><td><a href=\"https:\/\/hidk.hr\/en\/document-tag\/dubravka-zima\/\" data-column=\"doc_tags\" rel=\"tag\" ><span data-slug=\"dubravka-zima\">Dubravka Zima<\/span><\/a><\/td><td><div class=\"dlp-table-document-link-wrap\"><a href=\"https:\/\/hidk.hr\/en\/document\/praksa-svijeta-biografija-ivane-brlic-mazuranic\/\" class=\"dlp-download-link dlp-download-button document-library-pro-button button btn\" data-download-id=\"2857\" target=\"_blank\" ><div class=\"dlp-icon download dlp-button-icon\"><svg xmlns=\"http:\/\/www.w3.org\/2000\/svg\" viewbox=\"0 0 512 512\" aria-label=\"Download\"><path fill=\"currentColor\" d=\"M216 0h80c13.3 0 24 10.7 24 24v168h87.7c17.8 0 26.7 21.5 14.1 34.1L269.7 378.3c-7.5 7.5-19.8 7.5-27.3 0L90.1 226.1c-12.6-12.6-3.7-34.1 14.1-34.1H192V24c0-13.3 10.7-24 24-24zm296 376v112c0 13.3-10.7 24-24 24H24c-13.3 0-24-10.7-24-24V376c0-13.3 10.7-24 24-24h146.7l49 49c20.1 20.1 52.5 20.1 72.6 0l49-49H488c13.3 0 24 10.7 24 24zm-124 88c0-11-9-20-20-20s-20 9-20 20 9 20 20 20 20-9 20-20zm64 0c0-11-9-20-20-20s-20 9-20 20 9 20 20 20 20-9 20-20z\"><\/path><\/svg><\/div><\/a><\/div><\/td><td><\/td><td>biografije povijest-djetinjstva<\/td><td>dubravka-zima<\/td><\/tr><tr id=\"post-row-2856\" class=\"post-row post-type-dlp_document dlp_document-2856 publish\"><td><\/td><td>Neka bude Orijent: 1919. \u2013 2019.<\/td><td><\/td><td data-sort=\"1715938875\">17. May 2024<\/td><td><p>Lazzarich, Marinko. 2019. Neka bude Orijent: 1919. \u2013 2019. Rijeka: HNK Orijent &hellip;<\/p>\n<\/td><td><span data-slug=\"sport\">sport<\/span><\/td><td><a href=\"https:\/\/hidk.hr\/en\/document-tag\/marinko-lazzarich\/\" data-column=\"doc_tags\" rel=\"tag\" ><span data-slug=\"marinko-lazzarich\">Marinko Lazzarich<\/span><\/a><\/td><td><div class=\"dlp-table-document-link-wrap\"><a href=\"https:\/\/hidk.hr\/en\/document\/neka-bude-orijent-1919-2019\/\" class=\"dlp-download-link dlp-download-button document-library-pro-button button btn\" data-download-id=\"2856\" target=\"_blank\" ><div class=\"dlp-icon download dlp-button-icon\"><svg xmlns=\"http:\/\/www.w3.org\/2000\/svg\" viewbox=\"0 0 512 512\" aria-label=\"Download\"><path fill=\"currentColor\" d=\"M216 0h80c13.3 0 24 10.7 24 24v168h87.7c17.8 0 26.7 21.5 14.1 34.1L269.7 378.3c-7.5 7.5-19.8 7.5-27.3 0L90.1 226.1c-12.6-12.6-3.7-34.1 14.1-34.1H192V24c0-13.3 10.7-24 24-24zm296 376v112c0 13.3-10.7 24-24 24H24c-13.3 0-24-10.7-24-24V376c0-13.3 10.7-24 24-24h146.7l49 49c20.1 20.1 52.5 20.1 72.6 0l49-49H488c13.3 0 24 10.7 24 24zm-124 88c0-11-9-20-20-20s-20 9-20 20 9 20 20 20 20-9 20-20zm64 0c0-11-9-20-20-20s-20 9-20 20 9 20 20 20 20-9 20-20z\"><\/path><\/svg><\/div><\/a><\/div><\/td><td><\/td><td>sport<\/td><td>marinko-lazzarich<\/td><\/tr><tr id=\"post-row-2809\" class=\"post-row post-type-dlp_document dlp_document-2809 publish\"><td><div style=\"width:70px;\" data-thumb=\"https:\/\/hidk.hr\/wp-content\/uploads\/2024\/05\/Okohrvatskedjecjeknjizevnosti_Mala-100x100.jpg\" class=\"posts-table-image-wrapper\"><img loading=\"lazy\" decoding=\"async\" width=\"70\" height=\"70\" src=\"https:\/\/hidk.hr\/wp-content\/uploads\/2024\/05\/Okohrvatskedjecjeknjizevnosti_Mala-100x100.jpg\" class=\"\" alt=\"Oko hrvatske dje\u010dje knji\u017eevnosti\" title=\"Okohrvatskedjecjeknjizevnosti_Mala\" data-caption=\"Oko hrvatske dje\u010dje knji\u017eevnosti\" data-src=\"https:\/\/hidk.hr\/wp-content\/uploads\/2024\/05\/Okohrvatskedjecjeknjizevnosti_Mala.jpg\" data-large_image=\"https:\/\/hidk.hr\/wp-content\/uploads\/2024\/05\/Okohrvatskedjecjeknjizevnosti_Mala.jpg\" data-large_image_width=\"621\" data-large_image_height=\"881\" srcset=\"https:\/\/hidk.hr\/wp-content\/uploads\/2024\/05\/Okohrvatskedjecjeknjizevnosti_Mala-100x100.jpg 100w, https:\/\/hidk.hr\/wp-content\/uploads\/2024\/05\/Okohrvatskedjecjeknjizevnosti_Mala-150x150.jpg 150w, https:\/\/hidk.hr\/wp-content\/uploads\/2024\/05\/Okohrvatskedjecjeknjizevnosti_Mala-300x300.jpg 300w\" sizes=\"auto, (max-width: 70px) 100vw, 70px\" \/><\/div><\/td><td>Oko hrvatske dje\u010dje knji\u017eevnosti<\/td><td><span data-slug=\"lovric-kralj-sanja\">Lovri\u0107 Kralj, Sanja<\/span>, <span data-slug=\"majhut-berislav\">Majhut, Berislav<\/span><\/td><td data-sort=\"1714859806\">4. May 2024<\/td><td><p>Majhut, Berislav i Sanja Lovri\u0107 Kralj. 2020. Oko hrvatske dje\u010dje knji\u017eevnosti. Zagreb: Hrvatska sveu\u010dili\u0161na naklada i U\u010diteljski fakultet Sveu\u010dili\u0161ta u &hellip;<\/p>\n<\/td><td><span data-slug=\"popularna-kultura\">popularna kultura<\/span>, <span data-slug=\"povijest-djetinjstva\">Povijest djetinjstva<\/span>, <span data-slug=\"prijevodi\">Prijevodi<\/span>, <span data-slug=\"romani\">Romani<\/span><\/td><td><a href=\"https:\/\/hidk.hr\/en\/document-tag\/cenzura\/\" data-column=\"doc_tags\" rel=\"tag\" ><span data-slug=\"cenzura\">cenzura<\/span><\/a>, <a href=\"https:\/\/hidk.hr\/en\/document-tag\/junaci-pavlove-ulice\/\" data-column=\"doc_tags\" rel=\"tag\" ><span data-slug=\"junaci-pavlove-ulice\">Junaci Pavlove ulice<\/span><\/a>, <a href=\"https:\/\/hidk.hr\/en\/document-tag\/petparacka-knjizevnost\/\" data-column=\"doc_tags\" rel=\"tag\" ><span data-slug=\"petparacka-knjizevnost\">petpara\u010dka knji\u017eevnost<\/span><\/a>, <a href=\"https:\/\/hidk.hr\/en\/document-tag\/strane-knjige\/\" data-column=\"doc_tags\" rel=\"tag\" ><span data-slug=\"strane-knjige\">strane knjige<\/span><\/a><\/td><td><div class=\"dlp-table-document-link-wrap\"><a href=\"https:\/\/hidk.hr\/en\/document\/oko-hrvatske-djecje-knjizevnosti\/\" class=\"dlp-download-link dlp-download-button document-library-pro-button button btn\" data-download-id=\"2809\" target=\"_blank\" ><div class=\"dlp-icon download dlp-button-icon\"><svg xmlns=\"http:\/\/www.w3.org\/2000\/svg\" viewbox=\"0 0 512 512\" aria-label=\"Download\"><path fill=\"currentColor\" d=\"M216 0h80c13.3 0 24 10.7 24 24v168h87.7c17.8 0 26.7 21.5 14.1 34.1L269.7 378.3c-7.5 7.5-19.8 7.5-27.3 0L90.1 226.1c-12.6-12.6-3.7-34.1 14.1-34.1H192V24c0-13.3 10.7-24 24-24zm296 376v112c0 13.3-10.7 24-24 24H24c-13.3 0-24-10.7-24-24V376c0-13.3 10.7-24 24-24h146.7l49 49c20.1 20.1 52.5 20.1 72.6 0l49-49H488c13.3 0 24 10.7 24 24zm-124 88c0-11-9-20-20-20s-20 9-20 20 9 20 20 20 20-9 20-20zm64 0c0-11-9-20-20-20s-20 9-20 20 9 20 20 20 20-9 20-20z\"><\/path><\/svg><\/div><\/a><\/div><\/td><td>lovric-kralj-sanja majhut-berislav<\/td><td>popularna-kultura povijest-djetinjstva prijevodi romani<\/td><td>cenzura junaci-pavlove-ulice petparacka-knjizevnost strane-knjige<\/td><\/tr><\/tbody><\/table>","protected":false},"excerpt":{"rendered":"","protected":false},"author":2,"featured_media":0,"parent":0,"menu_order":0,"comment_status":"closed","ping_status":"closed","template":"templates\/full-width-page.php","meta":{"footnotes":""},"class_list":["post-951","page","type-page","status-publish","hentry"],"post_mailing_queue_ids":[],"_links":{"self":[{"href":"https:\/\/hidk.hr\/en\/wp-json\/wp\/v2\/pages\/951","targetHints":{"allow":["GET"]}}],"collection":[{"href":"https:\/\/hidk.hr\/en\/wp-json\/wp\/v2\/pages"}],"about":[{"href":"https:\/\/hidk.hr\/en\/wp-json\/wp\/v2\/types\/page"}],"author":[{"embeddable":true,"href":"https:\/\/hidk.hr\/en\/wp-json\/wp\/v2\/users\/2"}],"replies":[{"embeddable":true,"href":"https:\/\/hidk.hr\/en\/wp-json\/wp\/v2\/comments?post=951"}],"version-history":[{"count":9,"href":"https:\/\/hidk.hr\/en\/wp-json\/wp\/v2\/pages\/951\/revisions"}],"predecessor-version":[{"id":2875,"href":"https:\/\/hidk.hr\/en\/wp-json\/wp\/v2\/pages\/951\/revisions\/2875"}],"wp:attachment":[{"href":"https:\/\/hidk.hr\/en\/wp-json\/wp\/v2\/media?parent=951"}],"curies":[{"name":"wp","href":"https:\/\/api.w.org\/{rel}","templated":true}]}}