{"id":1665,"date":"2022-11-02T08:19:41","date_gmt":"2022-11-02T08:19:41","guid":{"rendered":"https:\/\/hidk.hr\/?post_type=product&#038;p=1665"},"modified":"2023-02-08T06:53:39","modified_gmt":"2023-02-08T06:53:39","slug":"hidk-godisnja-clanarina","status":"publish","type":"product","link":"https:\/\/hidk.hr\/en\/product\/hidk-godisnja-clanarina\/","title":{"rendered":"HIDK godi\u0161nja \u010dlanarina"},"content":{"rendered":"<p>\u010clanom Udruge HIDK mo\u017ee postati svatko tko prihvati Statut udruge i uplati godi\u0161nji \u010dlanarinu. Godi\u0161nja \u010dlanarina za radno aktivne iznosi 26 eura.<\/p>","protected":false},"excerpt":{"rendered":"<p>\u010clanom Udruge HIDK mo\u017ee postati svatko tko prihvati Statut udruge i uplati godi\u0161nji \u010dlanarinu. Godi\u0161nja \u010dlanarina za radno aktivne iznosi 26 eura.<\/p>","protected":false},"featured_media":0,"comment_status":"open","ping_status":"closed","template":"","meta":[],"product_brand":[],"product_cat":[60],"product_tag":[],"class_list":{"0":"post-1665","1":"product","2":"type-product","3":"status-publish","5":"product_cat-hidk-clanarina","7":"first","8":"instock","9":"virtual","10":"purchasable","11":"product-type-simple"},"post_mailing_queue_ids":[],"_links":{"self":[{"href":"https:\/\/hidk.hr\/en\/wp-json\/wp\/v2\/product\/1665","targetHints":{"allow":["GET"]}}],"collection":[{"href":"https:\/\/hidk.hr\/en\/wp-json\/wp\/v2\/product"}],"about":[{"href":"https:\/\/hidk.hr\/en\/wp-json\/wp\/v2\/types\/product"}],"replies":[{"embeddable":true,"href":"https:\/\/hidk.hr\/en\/wp-json\/wp\/v2\/comments?post=1665"}],"wp:attachment":[{"href":"https:\/\/hidk.hr\/en\/wp-json\/wp\/v2\/media?parent=1665"}],"wp:term":[{"taxonomy":"product_brand","embeddable":true,"href":"https:\/\/hidk.hr\/en\/wp-json\/wp\/v2\/product_brand?post=1665"},{"taxonomy":"product_cat","embeddable":true,"href":"https:\/\/hidk.hr\/en\/wp-json\/wp\/v2\/product_cat?post=1665"},{"taxonomy":"product_tag","embeddable":true,"href":"https:\/\/hidk.hr\/en\/wp-json\/wp\/v2\/product_tag?post=1665"}],"curies":[{"name":"wp","href":"https:\/\/api.w.org\/{rel}","templated":true}]}}