{"id":2,"date":"2021-06-01T11:35:13","date_gmt":"2021-06-01T11:35:13","guid":{"rendered":"https:\/\/hidk.hr\/zphdk\/?page_id=2"},"modified":"2022-10-11T17:07:14","modified_gmt":"2022-10-11T17:07:14","slug":"o-projektu","status":"publish","type":"page","link":"https:\/\/hidk.hr\/zphdk\/o-projektu\/","title":{"rendered":"O projektu"},"content":{"rendered":"\n<p class=\"has-text-align-justify\"><em>Znameniti pisci hrvatske dje\u010dje knji\u017eevnosti<\/em> projekt je koji je pokrenula Hrvatska udruga istra\u017eiva\u010da dje\u010dje knji\u017eevnosti u suradnji s Hrvatskim \u0161kolskim muzejom 2020. godine. Osnovna ideja projekta bila je odu\u017eiti se knji\u017eevnicima koji su zaslu\u017eni za umjetni\u010dke dosege u podru\u010dju dje\u010dje knji\u017eevnosti. Rije\u010d je o knji\u017eevnicima koji su obilje\u017eili na\u0161a djetinjstva, koji su sukreatori na\u0161ih zajedni\u010dkih kulturnih vrijednosti, a na koje vrlo \u010desto zaboravljamo kad odrastemo. Da svijest o njihovoj va\u017enosti ne ostane zarobljena unutar \u0161kolskih zidova, ovim se projektom naglasak stavlja na recepciju \u0161ire zajednice i u polje svakodnevice. Na taj na\u010din se i dje\u010dja knji\u017eevnost \u017eeli osvijestiti kao va\u017ean dio \u0161ire kulturne slike nacionalne knji\u017eevnosti i povijesti.<\/p>\n\n\n\n<p class=\"has-text-align-justify\">U tu svrhu odlu\u010dili smo prostorno i virtualno mapirati Grad Zagreb prema adresama na kojima su ro\u0111eni, \u017eivjeli i stvarali knji\u017eevnici va\u017eni za hrvatsku dje\u010dju knji\u017eevnost. Na pro\u010delja zgrada postavit \u0107e se spomen plo\u010de, a oko tih toposa u virtualnom okru\u017eju prire\u0111eni su tekstovi o knji\u017eevnicima, njihovom radu i njihovoj vezanosti za taj prostor na osnovi \u010dega \u0107e se poku\u0161ati rekonstruirati duh \u017eivota koji su vodili na navedenim lokacijama.<\/p>\n\n\n\n<p class=\"has-text-align-justify\">Projekt je zami\u0161ljen tako da informacije dopru do \u0161to \u0161ireg kruga korisnika, razli\u010ditih dobnih skupina (odraslih i djece) i razli\u010ditog predznanja (\u017eitelja Hrvatske kao i turista). Tekstovi o piscima objavljeni na mre\u017enoj stranici rezultat su znanstvenog istra\u017eivanja i utemeljeni na arhivskim podatcima, ali su pisani popularno-znanstvenim stilom kako bi bili privla\u010dni i onima koji se prvi put susre\u0107u s piscima hrvatske dje\u010dje knji\u017eevnosti. Uz tekstove objavljeni su i slikovni prilozi, a prilikom njihova prikupljanja rukovodili smo se idejom objavljivanja manje poznatih fotografija. Tekstovima se tako\u0111er nastojalo doprinijeti op\u0107em znanju o knji\u017eevnicima i njihovom polo\u017eaju u hrvatskoj dje\u010djoj knji\u017eevnosti i to \u010dinjenicama koje su specifi\u010dne i slabije dostupne, a koje bi otkrile osobu pisca u njegovoj punini, kao osobu koju svaki dan na navedenoj lokaciji mo\u017eemo susresti. Za publiku igrivije prirode pripremili smo aplikaciju koja se mo\u017ee preuzeti ovdje. Aplikacija je predvi\u0111ena za mobilne telefone i njezinim preuzimanjem ulazi se u svijet igre i ma\u0161te, a mi vas vodimo u nezaboravnu knji\u017eevnu \u0161etnju u kojoj mo\u017eete susresti na\u0161e pisce kao i likove iz njihovih najpoznatijih djela.<\/p>\n","protected":false},"excerpt":{"rendered":"<p>Znameniti pisci hrvatske dje\u010dje knji\u017eevnosti projekt je koji je pokrenula Hrvatska udruga istra\u017eiva\u010da dje\u010dje knji\u017eevnosti u suradnji s Hrvatskim \u0161kolskim muzejom 2020. godine. Osnovna ideja projekta bila je odu\u017eiti se knji\u017eevnicima koji su zaslu\u017eni&#46;&#46;&#46;<\/p>\n","protected":false},"author":1,"featured_media":0,"parent":0,"menu_order":0,"comment_status":"closed","ping_status":"open","template":"","meta":{"_editorskit_title_hidden":false,"_editorskit_reading_time":0,"_editorskit_is_block_options_detached":false,"_editorskit_block_options_position":"{}","footnotes":""},"class_list":["post-2","page","type-page","status-publish","hentry"],"_links":{"self":[{"href":"https:\/\/hidk.hr\/zphdk\/wp-json\/wp\/v2\/pages\/2","targetHints":{"allow":["GET"]}}],"collection":[{"href":"https:\/\/hidk.hr\/zphdk\/wp-json\/wp\/v2\/pages"}],"about":[{"href":"https:\/\/hidk.hr\/zphdk\/wp-json\/wp\/v2\/types\/page"}],"author":[{"embeddable":true,"href":"https:\/\/hidk.hr\/zphdk\/wp-json\/wp\/v2\/users\/1"}],"replies":[{"embeddable":true,"href":"https:\/\/hidk.hr\/zphdk\/wp-json\/wp\/v2\/comments?post=2"}],"version-history":[{"count":10,"href":"https:\/\/hidk.hr\/zphdk\/wp-json\/wp\/v2\/pages\/2\/revisions"}],"predecessor-version":[{"id":1398,"href":"https:\/\/hidk.hr\/zphdk\/wp-json\/wp\/v2\/pages\/2\/revisions\/1398"}],"wp:attachment":[{"href":"https:\/\/hidk.hr\/zphdk\/wp-json\/wp\/v2\/media?parent=2"}],"curies":[{"name":"wp","href":"https:\/\/api.w.org\/{rel}","templated":true}]}}